{"id":31,"date":"2020-04-13T11:18:52","date_gmt":"2020-04-13T11:18:52","guid":{"rendered":"http:\/\/klubik.test\/?page_id=31"},"modified":"2021-04-22T16:09:28","modified_gmt":"2021-04-22T16:09:28","slug":"o-nas","status":"publish","type":"page","link":"https:\/\/klubik.mynatomame.cz\/en\/o-nas\/","title":{"rendered":"About"},"content":{"rendered":"<div data-elementor-type=\"wp-page\" data-elementor-id=\"31\" class=\"elementor elementor-31\" data-elementor-settings=\"[]\">\n\t\t\t\t\t\t<div class=\"elementor-inner\">\n\t\t\t\t\t\t\t<div class=\"elementor-section-wrap\">\n\t\t\t\t\t\t\t<section class=\"elementor-section elementor-top-section elementor-element elementor-element-5131a13e elementor-section-boxed elementor-section-height-default elementor-section-height-default\" data-id=\"5131a13e\" data-element_type=\"section\" data-settings=\"{&quot;background_background&quot;:&quot;classic&quot;}\">\n\t\t\t\t\t\t\t<div class=\"elementor-background-overlay\"><\/div>\n\t\t\t\t\t\t\t<div class=\"elementor-container elementor-column-gap-default\">\n\t\t\t\t\t\t\t<div class=\"elementor-row\">\n\t\t\t\t\t<div class=\"elementor-column elementor-col-100 elementor-top-column elementor-element elementor-element-1053ca7a\" data-id=\"1053ca7a\" data-element_type=\"column\">\n\t\t\t<div class=\"elementor-column-wrap elementor-element-populated\">\n\t\t\t\t\t\t\t<div class=\"elementor-widget-wrap\">\n\t\t\t\t\t\t<div class=\"elementor-element elementor-element-3d99e122 elementor-widget elementor-widget-heading\" data-id=\"3d99e122\" data-element_type=\"widget\" data-widget_type=\"heading.default\">\n\t\t\t\t<div class=\"elementor-widget-container\">\n\t\t\t<h1 class=\"elementor-heading-title elementor-size-default\">About<\/h1>\t\t<\/div>\n\t\t\t\t<\/div>\n\t\t\t\t\t\t<\/div>\n\t\t\t\t\t<\/div>\n\t\t<\/div>\n\t\t\t\t\t\t\t\t<\/div>\n\t\t\t\t\t<\/div>\n\t\t<\/section>\n\t\t\t\t<section class=\"elementor-section elementor-top-section elementor-element elementor-element-40177ae0 elementor-section-boxed elementor-section-height-default elementor-section-height-default\" data-id=\"40177ae0\" data-element_type=\"section\">\n\t\t\t\t\t\t<div class=\"elementor-container elementor-column-gap-no\">\n\t\t\t\t\t\t\t<div class=\"elementor-row\">\n\t\t\t\t\t<div class=\"elementor-column elementor-col-50 elementor-top-column elementor-element elementor-element-2828f573\" data-id=\"2828f573\" data-element_type=\"column\">\n\t\t\t<div class=\"elementor-column-wrap elementor-element-populated\">\n\t\t\t\t\t\t\t<div class=\"elementor-widget-wrap\">\n\t\t\t\t\t\t<div class=\"elementor-element elementor-element-68afc23b elementor-widget elementor-widget-heading\" data-id=\"68afc23b\" data-element_type=\"widget\" data-widget_type=\"heading.default\">\n\t\t\t\t<div class=\"elementor-widget-container\">\n\t\t\t<h2 class=\"elementor-heading-title elementor-size-default\">The children decided among themselves that they would like to call their club \"We've Got What It Takes\"<\/h2>\t\t<\/div>\n\t\t\t\t<\/div>\n\t\t\t\t<div class=\"elementor-element elementor-element-b55d955 elementor-widget elementor-widget-image\" data-id=\"b55d955\" data-element_type=\"widget\" data-widget_type=\"image.default\">\n\t\t\t\t<div class=\"elementor-widget-container\">\n\t\t\t\t\t<div class=\"elementor-image\">\n\t\t\t\t\t\t\t\t\t\t<img width=\"960\" height=\"720\" src=\"https:\/\/klubik.mynatomame.cz\/app\/uploads\/2021\/03\/73324479_2156831724611106_7819630794418159616_n.jpg\" class=\"attachment-large size-large\" alt=\"\" loading=\"lazy\" srcset=\"https:\/\/klubik.mynatomame.cz\/app\/uploads\/2021\/03\/73324479_2156831724611106_7819630794418159616_n.jpg 960w, https:\/\/klubik.mynatomame.cz\/app\/uploads\/2021\/03\/73324479_2156831724611106_7819630794418159616_n-600x450.jpg 600w, https:\/\/klubik.mynatomame.cz\/app\/uploads\/2021\/03\/73324479_2156831724611106_7819630794418159616_n-768x576.jpg 768w, https:\/\/klubik.mynatomame.cz\/app\/uploads\/2021\/03\/73324479_2156831724611106_7819630794418159616_n-16x12.jpg 16w, https:\/\/klubik.mynatomame.cz\/app\/uploads\/2021\/03\/73324479_2156831724611106_7819630794418159616_n-300x225.jpg 300w\" sizes=\"(max-width: 960px) 100vw, 960px\" \/>\t\t\t\t\t\t\t\t\t\t\t<\/div>\n\t\t\t\t<\/div>\n\t\t\t\t<\/div>\n\t\t\t\t\t\t<\/div>\n\t\t\t\t\t<\/div>\n\t\t<\/div>\n\t\t\t\t<div class=\"elementor-column elementor-col-50 elementor-top-column elementor-element elementor-element-48096891\" data-id=\"48096891\" data-element_type=\"column\">\n\t\t\t<div class=\"elementor-column-wrap elementor-element-populated\">\n\t\t\t\t\t\t\t<div class=\"elementor-widget-wrap\">\n\t\t\t\t\t\t<div class=\"elementor-element elementor-element-e56ab06 elementor-widget elementor-widget-text-editor\" data-id=\"e56ab06\" data-element_type=\"widget\" data-widget_type=\"text-editor.default\">\n\t\t\t\t<div class=\"elementor-widget-container\">\n\t\t\t\t\t<div class=\"elementor-text-editor elementor-clearfix\"><div><p><span style=\"font-weight: 400;\">Klub\u00edk is an after school children\u2019s club which supports children who are among the most marginalized in the Czech Republic. The club is a safe space for tutoring and enrichment activities right where the children live in dormitory style  housing (hostel) in Ostrava.<\/span><\/p><p><span style=\"font-weight: 400;\">The club has become a mainstay of the daily life of many of the children. We have seen dramatic progress in the children\u2019s focus, level of engagement, and their belief in their ability to create, learn, improve, and in the case of the older children, to set and attain goals. There have been several unexpected outcomes, including increase in the motivational desire to do well in school, and in the case of some of the older children, to work, as well as the desire to attain life goals they did not allow themselves to have previously.<\/span><\/p><\/div><div><p><strong>From the team:\u00a0<br \/><\/strong><span style=\"font-weight: 400;\">We are a team of 5 mentors who create free time activities for the children who live at a residential hostel in Ostrava. The building functions as a hostel for socially disadvantaged individuals, families, or for people who are in a difficult life situations. The building and its inhabitants are stigmatized and by people from the surrounding area who go out of their way to avoid it. <\/span><\/p><p><span style=\"font-weight: 400;\">The children who live in the building face a harsh reality every day, due to the environment in which they live, and the circumstances in which they grow up.\u00a0 <\/span><\/p><p><span style=\"font-weight: 400;\">We give the children the chance to try new things, to generate more courage and interest in academics, and to explore various arts, sports and cultural activities. We encourage their innate inquisitiveness, which has often been ignored or beaten down. We also try to expose them to the norms of daily life that many of them do not get to experience growing up as they are in poverty. Most importantly we try to open their world a bit, and encourage them to have dreams, learn to set goals and work toward them, and to gain important skills such as cooperation and perseverance that help them become more resilient.<\/span><\/p><\/div><\/div>\n\t\t\t\t<\/div>\n\t\t\t\t<\/div>\n\t\t\t\t\t\t<\/div>\n\t\t\t\t\t<\/div>\n\t\t<\/div>\n\t\t\t\t\t\t\t\t<\/div>\n\t\t\t\t\t<\/div>\n\t\t<\/section>\n\t\t\t\t<section class=\"elementor-section elementor-top-section elementor-element elementor-element-e837e6a elementor-section-boxed elementor-section-height-default elementor-section-height-default\" data-id=\"e837e6a\" data-element_type=\"section\">\n\t\t\t\t\t\t<div class=\"elementor-container elementor-column-gap-default\">\n\t\t\t\t\t\t\t<div class=\"elementor-row\">\n\t\t\t\t\t<div class=\"elementor-column elementor-col-100 elementor-top-column elementor-element elementor-element-9298fc1\" data-id=\"9298fc1\" data-element_type=\"column\">\n\t\t\t<div class=\"elementor-column-wrap elementor-element-populated\">\n\t\t\t\t\t\t\t<div class=\"elementor-widget-wrap\">\n\t\t\t\t\t\t<section class=\"elementor-section elementor-inner-section elementor-element elementor-element-b7f16ca elementor-section-boxed elementor-section-height-default elementor-section-height-default\" data-id=\"b7f16ca\" data-element_type=\"section\">\n\t\t\t\t\t\t<div class=\"elementor-container elementor-column-gap-default\">\n\t\t\t\t\t\t\t<div class=\"elementor-row\">\n\t\t\t\t\t<div class=\"elementor-column elementor-col-33 elementor-inner-column elementor-element elementor-element-9f12117\" data-id=\"9f12117\" data-element_type=\"column\" data-settings=\"{&quot;background_background&quot;:&quot;classic&quot;}\">\n\t\t\t<div class=\"elementor-column-wrap elementor-element-populated\">\n\t\t\t\t\t<div class=\"elementor-background-overlay\"><\/div>\n\t\t\t\t\t\t\t<div class=\"elementor-widget-wrap\">\n\t\t\t\t\t\t<div class=\"elementor-element elementor-element-6f4f468 elementor-widget elementor-widget-heading\" data-id=\"6f4f468\" data-element_type=\"widget\" data-widget_type=\"heading.default\">\n\t\t\t\t<div class=\"elementor-widget-container\">\n\t\t\t<h2 class=\"elementor-heading-title elementor-size-default\"><a href=\"https:\/\/klubik.mynatomame.cz\/en\/o-nas\/historie\/\">History<\/a><\/h2>\t\t<\/div>\n\t\t\t\t<\/div>\n\t\t\t\t\t\t<\/div>\n\t\t\t\t\t<\/div>\n\t\t<\/div>\n\t\t\t\t<div class=\"elementor-column elementor-col-33 elementor-inner-column elementor-element elementor-element-8c8e08f\" data-id=\"8c8e08f\" data-element_type=\"column\" data-settings=\"{&quot;background_background&quot;:&quot;classic&quot;}\">\n\t\t\t<div class=\"elementor-column-wrap elementor-element-populated\">\n\t\t\t\t\t<div class=\"elementor-background-overlay\"><\/div>\n\t\t\t\t\t\t\t<div class=\"elementor-widget-wrap\">\n\t\t\t\t\t\t<div class=\"elementor-element elementor-element-020c9bc elementor-widget elementor-widget-heading\" data-id=\"020c9bc\" data-element_type=\"widget\" data-widget_type=\"heading.default\">\n\t\t\t\t<div class=\"elementor-widget-container\">\n\t\t\t<h2 class=\"elementor-heading-title elementor-size-default\"><a href=\"https:\/\/klubik.mynatomame.cz\/en\/o-nas\/kontext\/\">Context<\/a><\/h2>\t\t<\/div>\n\t\t\t\t<\/div>\n\t\t\t\t\t\t<\/div>\n\t\t\t\t\t<\/div>\n\t\t<\/div>\n\t\t\t\t<div class=\"elementor-column elementor-col-33 elementor-inner-column elementor-element elementor-element-d518dab\" data-id=\"d518dab\" data-element_type=\"column\" data-settings=\"{&quot;background_background&quot;:&quot;classic&quot;}\">\n\t\t\t<div class=\"elementor-column-wrap elementor-element-populated\">\n\t\t\t\t\t<div class=\"elementor-background-overlay\"><\/div>\n\t\t\t\t\t\t\t<div class=\"elementor-widget-wrap\">\n\t\t\t\t\t\t<div class=\"elementor-element elementor-element-3b0529d elementor-widget elementor-widget-heading\" data-id=\"3b0529d\" data-element_type=\"widget\" data-widget_type=\"heading.default\">\n\t\t\t\t<div class=\"elementor-widget-container\">\n\t\t\t<h2 class=\"elementor-heading-title elementor-size-default\"><a href=\"https:\/\/klubik.mynatomame.cz\/en\/o-nas\/pristup\/\">Approach<\/a><\/h2>\t\t<\/div>\n\t\t\t\t<\/div>\n\t\t\t\t\t\t<\/div>\n\t\t\t\t\t<\/div>\n\t\t<\/div>\n\t\t\t\t\t\t\t\t<\/div>\n\t\t\t\t\t<\/div>\n\t\t<\/section>\n\t\t\t\t<section class=\"elementor-section elementor-inner-section elementor-element elementor-element-03d0754 elementor-section-boxed elementor-section-height-default elementor-section-height-default\" data-id=\"03d0754\" data-element_type=\"section\">\n\t\t\t\t\t\t<div class=\"elementor-container elementor-column-gap-default\">\n\t\t\t\t\t\t\t<div class=\"elementor-row\">\n\t\t\t\t\t<div class=\"elementor-column elementor-col-33 elementor-inner-column elementor-element elementor-element-48c021c\" data-id=\"48c021c\" data-element_type=\"column\" data-settings=\"{&quot;background_background&quot;:&quot;classic&quot;}\">\n\t\t\t<div class=\"elementor-column-wrap elementor-element-populated\">\n\t\t\t\t\t<div class=\"elementor-background-overlay\"><\/div>\n\t\t\t\t\t\t\t<div class=\"elementor-widget-wrap\">\n\t\t\t\t\t\t<div class=\"elementor-element elementor-element-82b0e39 elementor-widget elementor-widget-heading\" data-id=\"82b0e39\" data-element_type=\"widget\" data-widget_type=\"heading.default\">\n\t\t\t\t<div class=\"elementor-widget-container\">\n\t\t\t<h2 class=\"elementor-heading-title elementor-size-default\"><a href=\"https:\/\/klubik.mynatomame.cz\/en\/o-nas\/covid-krize\/\">Covid Krize<\/a><\/h2>\t\t<\/div>\n\t\t\t\t<\/div>\n\t\t\t\t\t\t<\/div>\n\t\t\t\t\t<\/div>\n\t\t<\/div>\n\t\t\t\t<div class=\"elementor-column elementor-col-33 elementor-inner-column elementor-element elementor-element-db0b762\" data-id=\"db0b762\" data-element_type=\"column\" data-settings=\"{&quot;background_background&quot;:&quot;classic&quot;}\">\n\t\t\t<div class=\"elementor-column-wrap elementor-element-populated\">\n\t\t\t\t\t<div class=\"elementor-background-overlay\"><\/div>\n\t\t\t\t\t\t\t<div class=\"elementor-widget-wrap\">\n\t\t\t\t\t\t<div class=\"elementor-element elementor-element-33b602d elementor-widget elementor-widget-heading\" data-id=\"33b602d\" data-element_type=\"widget\" data-widget_type=\"heading.default\">\n\t\t\t\t<div class=\"elementor-widget-container\">\n\t\t\t<h2 class=\"elementor-heading-title elementor-size-default\"><a href=\"https:\/\/klubik.mynatomame.cz\/en\/o-nas\/potreba\/\">Need<\/a><\/h2>\t\t<\/div>\n\t\t\t\t<\/div>\n\t\t\t\t\t\t<\/div>\n\t\t\t\t\t<\/div>\n\t\t<\/div>\n\t\t\t\t<div class=\"elementor-column elementor-col-33 elementor-inner-column elementor-element elementor-element-77f8033\" data-id=\"77f8033\" data-element_type=\"column\" data-settings=\"{&quot;background_background&quot;:&quot;classic&quot;}\">\n\t\t\t<div class=\"elementor-column-wrap elementor-element-populated\">\n\t\t\t\t\t<div class=\"elementor-background-overlay\"><\/div>\n\t\t\t\t\t\t\t<div class=\"elementor-widget-wrap\">\n\t\t\t\t\t\t<div class=\"elementor-element elementor-element-9a16afb elementor-widget elementor-widget-heading\" data-id=\"9a16afb\" data-element_type=\"widget\" data-widget_type=\"heading.default\">\n\t\t\t\t<div class=\"elementor-widget-container\">\n\t\t\t<h2 class=\"elementor-heading-title elementor-size-default\"><a href=\"https:\/\/klubik.mynatomame.cz\/en\/o-nas\/program\/\">Program<\/a><\/h2>\t\t<\/div>\n\t\t\t\t<\/div>\n\t\t\t\t\t\t<\/div>\n\t\t\t\t\t<\/div>\n\t\t<\/div>\n\t\t\t\t\t\t\t\t<\/div>\n\t\t\t\t\t<\/div>\n\t\t<\/section>\n\t\t\t\t\t\t<\/div>\n\t\t\t\t\t<\/div>\n\t\t<\/div>\n\t\t\t\t\t\t\t\t<\/div>\n\t\t\t\t\t<\/div>\n\t\t<\/section>\n\t\t\t\t\t\t<\/div>\n\t\t\t\t\t\t<\/div>\n\t\t\t\t\t<\/div>","protected":false},"excerpt":{"rendered":"<p>O n\u00e1s D\u011bti se rozhodly pojmenovat sv\u016fj klub &#8220;My Na To M\u00e1me&#8221;, a nebo jen \u201eKlub\u00edk\u201c Klub\u00edk\u201d je d\u011btsk\u00fd mimo\u0161koln\u00ed klub, ur\u010den pro d\u011bti, kter\u00e9 pat\u0159\u00ed do skupiny t\u011bch nejmarginalizovan\u011bj\u0161\u00edch v cel\u00e9 \u010cesk\u00e9 Republice. Tyto d\u011bti podporujeme t\u00edm, \u017ee pro n\u011b vytv\u00e1\u0159\u00edme bezpe\u010dn\u00e9 m\u00edsto a \u00fato\u010di\u0161t\u011b, pro dou\u010dov\u00e1n\u00ed a jin\u00e9 obohacuj\u00edc\u00ed aktivity a to pr\u00e1v\u011b &hellip;<\/p>\n<p class=\"read-more\"> <a class=\"\" href=\"https:\/\/klubik.mynatomame.cz\/en\/o-nas\/\"> <span class=\"screen-reader-text\">About<\/span> Read More &raquo;<\/a><\/p>","protected":false},"author":1,"featured_media":0,"parent":0,"menu_order":0,"comment_status":"closed","ping_status":"closed","template":"","meta":[],"_links":{"self":[{"href":"https:\/\/klubik.mynatomame.cz\/en\/wp-json\/wp\/v2\/pages\/31"}],"collection":[{"href":"https:\/\/klubik.mynatomame.cz\/en\/wp-json\/wp\/v2\/pages"}],"about":[{"href":"https:\/\/klubik.mynatomame.cz\/en\/wp-json\/wp\/v2\/types\/page"}],"author":[{"embeddable":true,"href":"https:\/\/klubik.mynatomame.cz\/en\/wp-json\/wp\/v2\/users\/1"}],"replies":[{"embeddable":true,"href":"https:\/\/klubik.mynatomame.cz\/en\/wp-json\/wp\/v2\/comments?post=31"}],"version-history":[{"count":86,"href":"https:\/\/klubik.mynatomame.cz\/en\/wp-json\/wp\/v2\/pages\/31\/revisions"}],"predecessor-version":[{"id":862,"href":"https:\/\/klubik.mynatomame.cz\/en\/wp-json\/wp\/v2\/pages\/31\/revisions\/862"}],"wp:attachment":[{"href":"https:\/\/klubik.mynatomame.cz\/en\/wp-json\/wp\/v2\/media?parent=31"}],"curies":[{"name":"wp","href":"https:\/\/api.w.org\/{rel}","templated":true}]}}