{"id":319,"date":"2021-02-13T12:54:40","date_gmt":"2021-02-13T12:54:40","guid":{"rendered":"https:\/\/klubik.mynatomame.cz\/?page_id=319"},"modified":"2022-11-04T23:01:23","modified_gmt":"2022-11-04T23:01:23","slug":"historie","status":"publish","type":"page","link":"https:\/\/klubik.mynatomame.cz\/en\/o-nas\/historie\/","title":{"rendered":"History"},"content":{"rendered":"<div data-elementor-type=\"wp-page\" data-elementor-id=\"319\" class=\"elementor elementor-319\" data-elementor-settings=\"[]\">\n\t\t\t\t\t\t<div class=\"elementor-inner\">\n\t\t\t\t\t\t\t<div class=\"elementor-section-wrap\">\n\t\t\t\t\t\t\t<section class=\"elementor-section elementor-top-section elementor-element elementor-element-52c992a5 elementor-section-boxed elementor-section-height-default elementor-section-height-default\" data-id=\"52c992a5\" data-element_type=\"section\" data-settings=\"{&quot;background_background&quot;:&quot;classic&quot;}\">\n\t\t\t\t\t\t\t<div class=\"elementor-background-overlay\"><\/div>\n\t\t\t\t\t\t\t<div class=\"elementor-container elementor-column-gap-default\">\n\t\t\t\t\t\t\t<div class=\"elementor-row\">\n\t\t\t\t\t<div class=\"elementor-column elementor-col-100 elementor-top-column elementor-element elementor-element-55593301\" data-id=\"55593301\" data-element_type=\"column\">\n\t\t\t<div class=\"elementor-column-wrap elementor-element-populated\">\n\t\t\t\t\t\t\t<div class=\"elementor-widget-wrap\">\n\t\t\t\t\t\t<div class=\"elementor-element elementor-element-2b721354 elementor-widget elementor-widget-heading\" data-id=\"2b721354\" data-element_type=\"widget\" data-widget_type=\"heading.default\">\n\t\t\t\t<div class=\"elementor-widget-container\">\n\t\t\t<h1 class=\"elementor-heading-title elementor-size-default\">History<\/h1>\t\t<\/div>\n\t\t\t\t<\/div>\n\t\t\t\t\t\t<\/div>\n\t\t\t\t\t<\/div>\n\t\t<\/div>\n\t\t\t\t\t\t\t\t<\/div>\n\t\t\t\t\t<\/div>\n\t\t<\/section>\n\t\t\t\t<section class=\"elementor-section elementor-top-section elementor-element elementor-element-5978c799 elementor-section-boxed elementor-section-height-default elementor-section-height-default\" data-id=\"5978c799\" data-element_type=\"section\">\n\t\t\t\t\t\t<div class=\"elementor-container elementor-column-gap-default\">\n\t\t\t\t\t\t\t<div class=\"elementor-row\">\n\t\t\t\t\t<div class=\"elementor-column elementor-col-50 elementor-top-column elementor-element elementor-element-680f83fa\" data-id=\"680f83fa\" data-element_type=\"column\">\n\t\t\t<div class=\"elementor-column-wrap elementor-element-populated\">\n\t\t\t\t\t\t\t<div class=\"elementor-widget-wrap\">\n\t\t\t\t\t\t<div class=\"elementor-element elementor-element-838a0f6 elementor-widget elementor-widget-image\" data-id=\"838a0f6\" data-element_type=\"widget\" data-widget_type=\"image.default\">\n\t\t\t\t<div class=\"elementor-widget-container\">\n\t\t\t\t\t<div class=\"elementor-image\">\n\t\t\t\t\t\t\t\t\t\t<img width=\"768\" height=\"1024\" src=\"https:\/\/klubik.mynatomame.cz\/app\/uploads\/2021\/03\/klubik-zoo-2-768x1024.jpg\" class=\"attachment-large size-large\" alt=\"\" loading=\"lazy\" srcset=\"https:\/\/klubik.mynatomame.cz\/app\/uploads\/2021\/03\/klubik-zoo-2-768x1024.jpg 768w, https:\/\/klubik.mynatomame.cz\/app\/uploads\/2021\/03\/klubik-zoo-2-450x600.jpg 450w, https:\/\/klubik.mynatomame.cz\/app\/uploads\/2021\/03\/klubik-zoo-2-1152x1536.jpg 1152w, https:\/\/klubik.mynatomame.cz\/app\/uploads\/2021\/03\/klubik-zoo-2-1536x2048.jpg 1536w, https:\/\/klubik.mynatomame.cz\/app\/uploads\/2021\/03\/klubik-zoo-2-9x12.jpg 9w, https:\/\/klubik.mynatomame.cz\/app\/uploads\/2021\/03\/klubik-zoo-2-scaled.jpg 1920w\" sizes=\"(max-width: 768px) 100vw, 768px\" \/>\t\t\t\t\t\t\t\t\t\t\t<\/div>\n\t\t\t\t<\/div>\n\t\t\t\t<\/div>\n\t\t\t\t\t\t<\/div>\n\t\t\t\t\t<\/div>\n\t\t<\/div>\n\t\t\t\t<div class=\"elementor-column elementor-col-50 elementor-top-column elementor-element elementor-element-7b4a0bdc\" data-id=\"7b4a0bdc\" data-element_type=\"column\">\n\t\t\t<div class=\"elementor-column-wrap elementor-element-populated\">\n\t\t\t\t\t\t\t<div class=\"elementor-widget-wrap\">\n\t\t\t\t\t\t<div class=\"elementor-element elementor-element-5a4eb09a elementor-widget elementor-widget-text-editor\" data-id=\"5a4eb09a\" data-element_type=\"widget\" data-widget_type=\"text-editor.default\">\n\t\t\t\t<div class=\"elementor-widget-container\">\n\t\t\t\t\t<div class=\"elementor-text-editor elementor-clearfix\"><p><span style=\"font-weight: 400;\">Klub\u00edk funguje u\u017e v\u00edce ne\u017e \u0161est let. Zpo\u010d\u00e1tku v\u0161ichni lekto\u0159i fungovali jako dobrovoln\u00edci. Mana\u017eer ubytovny po vz\u00e1jemn\u00e9 dohod\u011b s lektory\u00a0 poskytl prostory v jedn\u00e9 z bytov\u00fdch jednotek, aby mohly v klubu prob\u00edhat aktivity s d\u011btmi. Veden\u00ed budovy hl\u00e1silo znateln\u00fd pokles konflikt\u016f a probl\u00e9m\u016f s d\u011btmi i mezi nimi od doby, kdy Klub\u00edk za\u010dal fungovat a byli opravdu vd\u011b\u010dn\u00ed za to, \u017ee klub mohl na ubytovn\u011b prob\u00edhat d\u00e1le.<\/span><\/p><p><span style=\"font-weight: 400;\">Projekt z\u00edskal financov\u00e1n\u00ed od Bader Philanthropies a z t\u011bchto financ\u00ed mohl fungovat a\u017e do \u010dervna 2020. Od t\u00e9 doby pokra\u010doval program v Klub\u00edku s omezen\u00fdmi zdroji a pouze na b\u00e1zi dobrovolnictv\u00ed. Tak\u00e9 z d\u016fvodu omezen\u00ed souvisej\u00edc\u00edm s COVID-19, musela b\u00fdt aktivita v klubu ni\u017e\u0161\u00ed a pot\u00e9 do\u0161lo ke zm\u011bn\u00e1m veden\u00ed a n\u00e1asledn\u00e9mu vyst\u011bhov\u00e1n\u00ed klubovny. Vid\u00edme v\u0161ak st\u00e1le v\u011bt\u0161\u00ed pot\u0159ebu pokra\u010dovat, zvl\u00e1\u0161t\u011b kv\u016fli d\u011btem, kter\u00e9 bylyna klubu, jeho lektorech a aktivit\u011b z\u00e1visl\u00e9 a maj\u00ed velikou touhu a chu\u0165 se u\u010dit!\u00a0<\/span><\/p><p><strong>From the team:<\/strong><\/p><p><span style=\"font-weight: 400;\">We began in the Autumn of 2015, when I together with another volunteer saw that a large number of children living in this hostel were spending all day, morning to evening, only inf front or behind the hostel, among questionable characters, among them drunks and addicts, as they have no other option but to spend all their time in this  environment. After an agreement with the manager of the hostel, who welcomed our idea positively, we started preparing activities for these children once a week in the so-called lounge inside the hostel. We had almost no finances at our disposal, but the basic tables and chairs were enough for us to tutor, help children with homework, and draw. We also prepared a Christmas party. Even in these cramped conditions the interest was huge, and the children often waited in front of the door a few hours in advance looking forward to us.<\/span><\/p><\/div>\n\t\t\t\t<\/div>\n\t\t\t\t<\/div>\n\t\t\t\t\t\t<\/div>\n\t\t\t\t\t<\/div>\n\t\t<\/div>\n\t\t\t\t\t\t\t\t<\/div>\n\t\t\t\t\t<\/div>\n\t\t<\/section>\n\t\t\t\t<section class=\"elementor-section elementor-top-section elementor-element elementor-element-0ee9656 elementor-section-boxed elementor-section-height-default elementor-section-height-default\" data-id=\"0ee9656\" data-element_type=\"section\">\n\t\t\t\t\t\t<div class=\"elementor-container elementor-column-gap-default\">\n\t\t\t\t\t\t\t<div class=\"elementor-row\">\n\t\t\t\t\t<div class=\"elementor-column elementor-col-50 elementor-top-column elementor-element elementor-element-5b32196\" data-id=\"5b32196\" data-element_type=\"column\">\n\t\t\t<div class=\"elementor-column-wrap elementor-element-populated\">\n\t\t\t\t\t\t\t<div class=\"elementor-widget-wrap\">\n\t\t\t\t\t\t<div class=\"elementor-element elementor-element-8e85401 elementor-widget elementor-widget-image\" data-id=\"8e85401\" data-element_type=\"widget\" data-widget_type=\"image.default\">\n\t\t\t\t<div class=\"elementor-widget-container\">\n\t\t\t\t\t<div class=\"elementor-image\">\n\t\t\t\t\t\t\t\t\t\t<img width=\"768\" height=\"1024\" src=\"https:\/\/klubik.mynatomame.cz\/app\/uploads\/2021\/03\/klubik2-768x1024.jpeg\" class=\"attachment-large size-large\" alt=\"\" loading=\"lazy\" srcset=\"\" sizes=\"(max-width: 768px) 100vw, 768px\" data-srcset=\"\" \/>\t\t\t\t\t\t\t\t\t\t\t<\/div>\n\t\t\t\t<\/div>\n\t\t\t\t<\/div>\n\t\t\t\t\t\t<\/div>\n\t\t\t\t\t<\/div>\n\t\t<\/div>\n\t\t\t\t<div class=\"elementor-column elementor-col-50 elementor-top-column elementor-element elementor-element-3684b7f\" data-id=\"3684b7f\" data-element_type=\"column\">\n\t\t\t<div class=\"elementor-column-wrap elementor-element-populated\">\n\t\t\t\t\t\t\t<div class=\"elementor-widget-wrap\">\n\t\t\t\t\t\t<div class=\"elementor-element elementor-element-c507a0c elementor-widget elementor-widget-text-editor\" data-id=\"c507a0c\" data-element_type=\"widget\" data-widget_type=\"text-editor.default\">\n\t\t\t\t<div class=\"elementor-widget-container\">\n\t\t\t\t\t<div class=\"elementor-text-editor elementor-clearfix\"><p><span style=\"font-weight: 400;\">After obtaining financial support for the project, we were able to implement the project on a larger scale. Upon agreement with the manager of the hostel, we were given one housing unit, 2 small rooms and a kitchen. We equipped the space  together with the children, who felt great excitement at being able to make a club space of their own. When asked what they would like to call their club, they came up with the name \u201cMy Na To Mame\u201d.  We equipped one room for the smaller children with a soft carpet, toys and  space for learning. We equipped the second room for dance and more physical activities. Despite it\u2019s small size, we came up with creative ways to give the children access to strengthening and coordination activities. We use the third room as a kitchen. We added a large table, chairs and smaller tables for drawing and snacking. We equipped all rooms with colorful curtains, pillows and other decorations.<\/span><\/p><p><span style=\"font-weight: 400;\">We were also able to supply the club with important materials for activities: drawing supplies, crayons, paints, pastels, drawings, musical and rhythmic instruments (guitar, keyboards, tambourine, drum, cayon, mallets), soccer balls,  board games, exercise books and textbooks, and games.<\/span><\/p><p><span style=\"font-weight: 400;\">Over the next 4 years, we served dozens of children in the club each year, with the number attending ranging between 15 and 35 children at a time.  Most often we  held the club 4x a week.\u00a0<\/span><\/p><p><span style=\"font-weight: 400;\">We assisted the children with their homework, and led activities in art, music, games, and outings. We engaged them in movement games and  sports. For a year and half   the boys had access to a professional boxing coach and a mentor for football. Since December professional Parkour coach Patrik has been training the children to their great delight. \nActivities such as drawing, creating, playing board games and leisure activities are held after homework and learning sessions. On Fridays,   we focus on special activities  such as dancing, film screenings, walks and playing outside. \nTwice a week we also try to prepare something unusual for children,such as motivational programs or special topics and activities., such as  MasterChef Hlubina, Klubik M\u00e1 Talent, Superstar competition and the like.<\/span><\/p><p><span style=\"font-weight: 400;\">Twice a year we organize meetings where children show what they have learned and what they like to do. These performances, exhibitions or talent shows are also attended by some of the parents.<\/span><\/p><p><span style=\"font-weight: 400;\">Twice a month (more often in the summer) we organize trips for children, for example to the zoo, the swimming pool, or to a film. Very often these are totally new experiences for these kids, as they normally do not have the possibility to access such activities with their parents.<\/span><\/p><\/div>\n\t\t\t\t<\/div>\n\t\t\t\t<\/div>\n\t\t\t\t\t\t<\/div>\n\t\t\t\t\t<\/div>\n\t\t<\/div>\n\t\t\t\t\t\t\t\t<\/div>\n\t\t\t\t\t<\/div>\n\t\t<\/section>\n\t\t\t\t<section class=\"elementor-section elementor-top-section elementor-element elementor-element-27a4085 elementor-section-boxed elementor-section-height-default elementor-section-height-default\" data-id=\"27a4085\" data-element_type=\"section\">\n\t\t\t\t\t\t<div class=\"elementor-container elementor-column-gap-default\">\n\t\t\t\t\t\t\t<div class=\"elementor-row\">\n\t\t\t\t\t<div class=\"elementor-column elementor-col-100 elementor-top-column elementor-element elementor-element-4420301\" data-id=\"4420301\" data-element_type=\"column\">\n\t\t\t<div class=\"elementor-column-wrap elementor-element-populated\">\n\t\t\t\t\t\t\t<div class=\"elementor-widget-wrap\">\n\t\t\t\t\t\t<div class=\"elementor-element elementor-element-386200b elementor-widget elementor-widget-image-gallery\" data-id=\"386200b\" data-element_type=\"widget\" data-widget_type=\"image-gallery.default\">\n\t\t\t\t<div class=\"elementor-widget-container\">\n\t\t\t\t\t<div class=\"elementor-image-gallery\">\n\t\t\t<div id='gallery-1' class='gallery galleryid-319 gallery-columns-3 gallery-size-thumbnail'><figure class='gallery-item'>\n\t\t\t<div class='gallery-icon landscape'>\n\t\t\t\t<a data-elementor-open-lightbox=\"yes\" data-elementor-lightbox-slideshow=\"386200b\" data-elementor-lightbox-title=\"81622658_10218398716416398_7160754060700680192_n\" href='https:\/\/klubik.mynatomame.cz\/en\/app\/uploads\/2021\/03\/81622658_10218398716416398_7160754060700680192_n-1.jpg\/'><img width=\"600\" height=\"600\" src=\"https:\/\/klubik.mynatomame.cz\/app\/uploads\/2021\/03\/81622658_10218398716416398_7160754060700680192_n-1-600x600.jpg\" class=\"attachment-thumbnail size-thumbnail\" alt=\"\" loading=\"lazy\" \/><\/a>\n\t\t\t<\/div><\/figure><figure class='gallery-item'>\n\t\t\t<div class='gallery-icon portrait'>\n\t\t\t\t<a data-elementor-open-lightbox=\"yes\" data-elementor-lightbox-slideshow=\"386200b\" data-elementor-lightbox-title=\"81227923_10218398724136591_495481072377659392_n\" href='https:\/\/klubik.mynatomame.cz\/en\/app\/uploads\/2021\/03\/81227923_10218398724136591_495481072377659392_n-1.jpg\/'><img width=\"600\" height=\"600\" src=\"https:\/\/klubik.mynatomame.cz\/app\/uploads\/2021\/03\/81227923_10218398724136591_495481072377659392_n-1-600x600.jpg\" class=\"attachment-thumbnail size-thumbnail\" alt=\"\" loading=\"lazy\" \/><\/a>\n\t\t\t<\/div><\/figure><figure class='gallery-item'>\n\t\t\t<div class='gallery-icon landscape'>\n\t\t\t\t<a data-elementor-open-lightbox=\"yes\" data-elementor-lightbox-slideshow=\"386200b\" data-elementor-lightbox-title=\"20180313_162855\" href='https:\/\/klubik.mynatomame.cz\/en\/app\/uploads\/2021\/03\/20180313_162855-1-scaled.jpg\/'><img width=\"600\" height=\"600\" src=\"https:\/\/klubik.mynatomame.cz\/app\/uploads\/2021\/03\/20180313_162855-1-600x600.jpg\" class=\"attachment-thumbnail size-thumbnail\" alt=\"\" loading=\"lazy\" \/><\/a>\n\t\t\t<\/div><\/figure>\n\t\t<\/div>\n\t\t<\/div>\n\t\t\t\t<\/div>\n\t\t\t\t<\/div>\n\t\t\t\t\t\t<\/div>\n\t\t\t\t\t<\/div>\n\t\t<\/div>\n\t\t\t\t\t\t\t\t<\/div>\n\t\t\t\t\t<\/div>\n\t\t<\/section>\n\t\t\t\t\t\t<\/div>\n\t\t\t\t\t\t<\/div>\n\t\t\t\t\t<\/div>","protected":false},"excerpt":{"rendered":"<p>Historie Klub\u00edk funguje u\u017e v\u00edce ne\u017e \u0161est let. Zpo\u010d\u00e1tku v\u0161ichni lekto\u0159i fungovali jako dobrovoln\u00edci. Mana\u017eer ubytovny po vz\u00e1jemn\u00e9 dohod\u011b s lektory\u00a0 poskytl prostory v jedn\u00e9 z bytov\u00fdch jednotek, aby mohly v klubu prob\u00edhat aktivity s d\u011btmi. Veden\u00ed budovy hl\u00e1silo znateln\u00fd pokles konflikt\u016f a probl\u00e9m\u016f s d\u011btmi i mezi nimi od doby, kdy Klub\u00edk za\u010dal fungovat &hellip;<\/p>\n<p class=\"read-more\"> <a class=\"\" href=\"https:\/\/klubik.mynatomame.cz\/en\/o-nas\/historie\/\"> <span class=\"screen-reader-text\">History<\/span> Read More &raquo;<\/a><\/p>","protected":false},"author":1,"featured_media":0,"parent":31,"menu_order":0,"comment_status":"closed","ping_status":"closed","template":"","meta":[],"_links":{"self":[{"href":"https:\/\/klubik.mynatomame.cz\/en\/wp-json\/wp\/v2\/pages\/319"}],"collection":[{"href":"https:\/\/klubik.mynatomame.cz\/en\/wp-json\/wp\/v2\/pages"}],"about":[{"href":"https:\/\/klubik.mynatomame.cz\/en\/wp-json\/wp\/v2\/types\/page"}],"author":[{"embeddable":true,"href":"https:\/\/klubik.mynatomame.cz\/en\/wp-json\/wp\/v2\/users\/1"}],"replies":[{"embeddable":true,"href":"https:\/\/klubik.mynatomame.cz\/en\/wp-json\/wp\/v2\/comments?post=319"}],"version-history":[{"count":52,"href":"https:\/\/klubik.mynatomame.cz\/en\/wp-json\/wp\/v2\/pages\/319\/revisions"}],"predecessor-version":[{"id":1051,"href":"https:\/\/klubik.mynatomame.cz\/en\/wp-json\/wp\/v2\/pages\/319\/revisions\/1051"}],"up":[{"embeddable":true,"href":"https:\/\/klubik.mynatomame.cz\/en\/wp-json\/wp\/v2\/pages\/31"}],"wp:attachment":[{"href":"https:\/\/klubik.mynatomame.cz\/en\/wp-json\/wp\/v2\/media?parent=319"}],"curies":[{"name":"wp","href":"https:\/\/api.w.org\/{rel}","templated":true}]}}