{"id":352,"date":"2021-02-13T15:26:52","date_gmt":"2021-02-13T15:26:52","guid":{"rendered":"https:\/\/klubik.mynatomame.cz\/?page_id=352"},"modified":"2021-04-06T15:19:01","modified_gmt":"2021-04-06T15:19:01","slug":"kontext","status":"publish","type":"page","link":"https:\/\/klubik.mynatomame.cz\/en\/o-nas\/kontext\/","title":{"rendered":"Context"},"content":{"rendered":"<div data-elementor-type=\"wp-page\" data-elementor-id=\"352\" class=\"elementor elementor-352\" data-elementor-settings=\"[]\">\n\t\t\t\t\t\t<div class=\"elementor-inner\">\n\t\t\t\t\t\t\t<div class=\"elementor-section-wrap\">\n\t\t\t\t\t\t\t<section class=\"elementor-section elementor-top-section elementor-element elementor-element-213aa6f2 elementor-section-boxed elementor-section-height-default elementor-section-height-default\" data-id=\"213aa6f2\" data-element_type=\"section\" data-settings=\"{&quot;background_background&quot;:&quot;classic&quot;}\">\n\t\t\t\t\t\t\t<div class=\"elementor-background-overlay\"><\/div>\n\t\t\t\t\t\t\t<div class=\"elementor-container elementor-column-gap-default\">\n\t\t\t\t\t\t\t<div class=\"elementor-row\">\n\t\t\t\t\t<div class=\"elementor-column elementor-col-100 elementor-top-column elementor-element elementor-element-5d539a3\" data-id=\"5d539a3\" data-element_type=\"column\">\n\t\t\t<div class=\"elementor-column-wrap elementor-element-populated\">\n\t\t\t\t\t\t\t<div class=\"elementor-widget-wrap\">\n\t\t\t\t\t\t<div class=\"elementor-element elementor-element-55f49a83 elementor-widget elementor-widget-heading\" data-id=\"55f49a83\" data-element_type=\"widget\" data-widget_type=\"heading.default\">\n\t\t\t\t<div class=\"elementor-widget-container\">\n\t\t\t<h1 class=\"elementor-heading-title elementor-size-default\"><a href=\"https:\/\/klubik.mynatomame.cz\/en\/o-nas\/kontext\/\">Context<\/a><\/h1>\t\t<\/div>\n\t\t\t\t<\/div>\n\t\t\t\t\t\t<\/div>\n\t\t\t\t\t<\/div>\n\t\t<\/div>\n\t\t\t\t\t\t\t\t<\/div>\n\t\t\t\t\t<\/div>\n\t\t<\/section>\n\t\t\t\t<section class=\"elementor-section elementor-top-section elementor-element elementor-element-753cbba4 elementor-section-boxed elementor-section-height-default elementor-section-height-default\" data-id=\"753cbba4\" data-element_type=\"section\">\n\t\t\t\t\t\t<div class=\"elementor-container elementor-column-gap-default\">\n\t\t\t\t\t\t\t<div class=\"elementor-row\">\n\t\t\t\t\t<div class=\"elementor-column elementor-col-50 elementor-top-column elementor-element elementor-element-2f36f17f\" data-id=\"2f36f17f\" data-element_type=\"column\">\n\t\t\t<div class=\"elementor-column-wrap elementor-element-populated\">\n\t\t\t\t\t\t\t<div class=\"elementor-widget-wrap\">\n\t\t\t\t\t\t<div class=\"elementor-element elementor-element-61568de elementor-widget elementor-widget-image\" data-id=\"61568de\" data-element_type=\"widget\" data-widget_type=\"image.default\">\n\t\t\t\t<div class=\"elementor-widget-container\">\n\t\t\t\t\t<div class=\"elementor-image\">\n\t\t\t\t\t\t\t\t\t\t<img width=\"720\" height=\"960\" src=\"https:\/\/klubik.mynatomame.cz\/app\/uploads\/2021\/03\/81227923_10218398724136591_495481072377659392_n-1.jpg\" class=\"attachment-large size-large\" alt=\"\" loading=\"lazy\" srcset=\"https:\/\/klubik.mynatomame.cz\/app\/uploads\/2021\/03\/81227923_10218398724136591_495481072377659392_n-1.jpg 720w, https:\/\/klubik.mynatomame.cz\/app\/uploads\/2021\/03\/81227923_10218398724136591_495481072377659392_n-1-450x600.jpg 450w, https:\/\/klubik.mynatomame.cz\/app\/uploads\/2021\/03\/81227923_10218398724136591_495481072377659392_n-1-9x12.jpg 9w\" sizes=\"(max-width: 720px) 100vw, 720px\" \/>\t\t\t\t\t\t\t\t\t\t\t<\/div>\n\t\t\t\t<\/div>\n\t\t\t\t<\/div>\n\t\t\t\t\t\t<\/div>\n\t\t\t\t\t<\/div>\n\t\t<\/div>\n\t\t\t\t<div class=\"elementor-column elementor-col-50 elementor-top-column elementor-element elementor-element-7a8e8867\" data-id=\"7a8e8867\" data-element_type=\"column\">\n\t\t\t<div class=\"elementor-column-wrap elementor-element-populated\">\n\t\t\t\t\t\t\t<div class=\"elementor-widget-wrap\">\n\t\t\t\t\t\t<div class=\"elementor-element elementor-element-2fd887ea elementor-widget elementor-widget-text-editor\" data-id=\"2fd887ea\" data-element_type=\"widget\" data-widget_type=\"text-editor.default\">\n\t\t\t\t<div class=\"elementor-widget-container\">\n\t\t\t\t\t<div class=\"elementor-text-editor elementor-clearfix\"><p><span style=\"font-weight: 400;\">The building houses up to 450 inhabitants, with living spaces are usually 1 or 2 rooms in a dormitory style. Among the elderly, those struggling with addiction, post-institutional life or other issues stemming from poverty are also families, some of whom are otherwise unable to get a lease on a regular flat due to low income or discrimination in housing practices in the region. These families often live with many people in one or two rooms with a kitchen corner. Some of our children come from families that live up to 10 members in such rooms.<\/span><span style=\"font-weight: 400;\">\u00a0<\/span><\/p><p><span style=\"font-weight: 400;\">Children living in this type of mixed population social housing face a range of issues at home ranging from non-functional families, parents dealing with the stresses of debt, unemployment, and fear of eviction, addictions, as well as the negative effects of peer pressure from different groups. At school they are often faced with social and racial bias. These children are most often not able to access enrichment activities, and they are left without stimulation or attention both at school and at home.<\/span><\/p><p>\u00a0<\/p><p><strong>From the team:<\/strong><\/p><p><span style=\"font-weight: 400;\">Of course, there are many organisations that run centers and clubhouses where children can find free-time activities. I dare say that our club is exceptional and unique for several reasons.<\/span><\/p><p><span style=\"font-weight: 400;\">We are the only club that works with children directly where they live- the residential hostel.<\/span><\/p><p><span style=\"font-weight: 400;\">The children can easily access the club, including the younger ones. They feel safe there, and feel that the club is theirs - part of their extended home.<\/span><\/p><p><span style=\"font-weight: 400;\">At the very beginning of the project we asked  the children what they wanted most from the club. We thought they would answer that they wanted films or video games or other recreational things, yet we were truly surprised by their answer. A large number told us that they wanted the club to be quiet, warm, orderly. We understood that these are the qualities they don\u2019t often have at home. After the volunteers worked the the kids for some time and the project began in full, we asked them what they would like to call their club, and they responded \u201cWe\u2019ve Got What it Takes\u201d. It was clear to us that the activities and time in the club was giving them greater and greater confidence, and desire to learn and try new things.<\/span><\/p><\/div>\n\t\t\t\t<\/div>\n\t\t\t\t<\/div>\n\t\t\t\t\t\t<\/div>\n\t\t\t\t\t<\/div>\n\t\t<\/div>\n\t\t\t\t\t\t\t\t<\/div>\n\t\t\t\t\t<\/div>\n\t\t<\/section>\n\t\t\t\t<section class=\"elementor-section elementor-top-section elementor-element elementor-element-673ed5f elementor-section-boxed elementor-section-height-default elementor-section-height-default\" data-id=\"673ed5f\" data-element_type=\"section\">\n\t\t\t\t\t\t<div class=\"elementor-container elementor-column-gap-default\">\n\t\t\t\t\t\t\t<div class=\"elementor-row\">\n\t\t\t\t\t<div class=\"elementor-column elementor-col-100 elementor-top-column elementor-element elementor-element-8c3fa3e\" data-id=\"8c3fa3e\" data-element_type=\"column\">\n\t\t\t<div class=\"elementor-column-wrap elementor-element-populated\">\n\t\t\t\t\t\t\t<div class=\"elementor-widget-wrap\">\n\t\t\t\t\t\t<div class=\"elementor-element elementor-element-bf4a5ca elementor-widget elementor-widget-image-gallery\" data-id=\"bf4a5ca\" data-element_type=\"widget\" data-widget_type=\"image-gallery.default\">\n\t\t\t\t<div class=\"elementor-widget-container\">\n\t\t\t\t\t<div class=\"elementor-image-gallery\">\n\t\t\t<div id='gallery-1' class='gallery galleryid-352 gallery-columns-3 gallery-size-thumbnail'><figure class='gallery-item'>\n\t\t\t<div class='gallery-icon landscape'>\n\t\t\t\t<a data-elementor-open-lightbox=\"yes\" data-elementor-lightbox-slideshow=\"bf4a5ca\" data-elementor-lightbox-title=\"snack time\" href='https:\/\/klubik.mynatomame.cz\/en\/app\/uploads\/2021\/03\/snack-time.jpg\/'><img width=\"600\" height=\"600\" src=\"https:\/\/klubik.mynatomame.cz\/app\/uploads\/2021\/03\/snack-time-600x600.jpg\" class=\"attachment-thumbnail size-thumbnail\" alt=\"\" loading=\"lazy\" \/><\/a>\n\t\t\t<\/div><\/figure><figure class='gallery-item'>\n\t\t\t<div class='gallery-icon portrait'>\n\t\t\t\t<a data-elementor-open-lightbox=\"yes\" data-elementor-lightbox-slideshow=\"bf4a5ca\" data-elementor-lightbox-title=\"games\" href='https:\/\/klubik.mynatomame.cz\/en\/app\/uploads\/2021\/03\/games-scaled.jpg\/'><img width=\"600\" height=\"600\" src=\"https:\/\/klubik.mynatomame.cz\/app\/uploads\/2021\/03\/games-600x600.jpg\" class=\"attachment-thumbnail size-thumbnail\" alt=\"\" loading=\"lazy\" \/><\/a>\n\t\t\t<\/div><\/figure><figure class='gallery-item'>\n\t\t\t<div class='gallery-icon portrait'>\n\t\t\t\t<a data-elementor-open-lightbox=\"yes\" data-elementor-lightbox-slideshow=\"bf4a5ca\" data-elementor-lightbox-title=\"fun walkingon poles in the forest!\" href='https:\/\/klubik.mynatomame.cz\/en\/app\/uploads\/2021\/03\/fun-walkingon-poles-in-the-forest.jpg\/'><img width=\"600\" height=\"600\" src=\"https:\/\/klubik.mynatomame.cz\/app\/uploads\/2021\/03\/fun-walkingon-poles-in-the-forest-600x600.jpg\" class=\"attachment-thumbnail size-thumbnail\" alt=\"\" loading=\"lazy\" \/><\/a>\n\t\t\t<\/div><\/figure>\n\t\t<\/div>\n\t\t<\/div>\n\t\t\t\t<\/div>\n\t\t\t\t<\/div>\n\t\t\t\t\t\t<\/div>\n\t\t\t\t\t<\/div>\n\t\t<\/div>\n\t\t\t\t\t\t\t\t<\/div>\n\t\t\t\t\t<\/div>\n\t\t<\/section>\n\t\t\t\t\t\t<\/div>\n\t\t\t\t\t\t<\/div>\n\t\t\t\t\t<\/div>","protected":false},"excerpt":{"rendered":"<p>Kontext V t\u00e9to budov\u011b je ubytovan\u00fdch v\u00edce ne\u017e 450 osob, p\u0159i\u010dem\u017e bytov\u00e9 jednotky jsou v\u011bt\u0161inou o velikosti 1-2 m\u00edstnost\u00ed. Mezi star\u0161\u00edmi zde \u017eij\u00edc\u00edmi lidmi, jsou v\u011bt\u0161inou lid\u00e9 drogov\u011b z\u00e1visl\u00ed, lid\u00e9 s krimin\u00e1ln\u00ed minulost\u00ed, nebo s jin\u00fdmi probl\u00e9my s chudobou spojen\u00fdmi.\u00a0 Mnohdy se, ale jedn\u00e1 o po\u010detn\u00e9 rodiny, kter\u00e9 si prost\u011b nemohou dovolit pron\u00e1jem klasick\u00e9ho bytu,\u00a0 &hellip;<\/p>\n<p class=\"read-more\"> <a class=\"\" href=\"https:\/\/klubik.mynatomame.cz\/en\/o-nas\/kontext\/\"> <span class=\"screen-reader-text\">Context<\/span> Read More &raquo;<\/a><\/p>","protected":false},"author":1,"featured_media":0,"parent":31,"menu_order":0,"comment_status":"closed","ping_status":"closed","template":"","meta":[],"_links":{"self":[{"href":"https:\/\/klubik.mynatomame.cz\/en\/wp-json\/wp\/v2\/pages\/352"}],"collection":[{"href":"https:\/\/klubik.mynatomame.cz\/en\/wp-json\/wp\/v2\/pages"}],"about":[{"href":"https:\/\/klubik.mynatomame.cz\/en\/wp-json\/wp\/v2\/types\/page"}],"author":[{"embeddable":true,"href":"https:\/\/klubik.mynatomame.cz\/en\/wp-json\/wp\/v2\/users\/1"}],"replies":[{"embeddable":true,"href":"https:\/\/klubik.mynatomame.cz\/en\/wp-json\/wp\/v2\/comments?post=352"}],"version-history":[{"count":23,"href":"https:\/\/klubik.mynatomame.cz\/en\/wp-json\/wp\/v2\/pages\/352\/revisions"}],"predecessor-version":[{"id":825,"href":"https:\/\/klubik.mynatomame.cz\/en\/wp-json\/wp\/v2\/pages\/352\/revisions\/825"}],"up":[{"embeddable":true,"href":"https:\/\/klubik.mynatomame.cz\/en\/wp-json\/wp\/v2\/pages\/31"}],"wp:attachment":[{"href":"https:\/\/klubik.mynatomame.cz\/en\/wp-json\/wp\/v2\/media?parent=352"}],"curies":[{"name":"wp","href":"https:\/\/api.w.org\/{rel}","templated":true}]}}