{"id":358,"date":"2021-02-13T15:35:34","date_gmt":"2021-02-13T15:35:34","guid":{"rendered":"https:\/\/klubik.mynatomame.cz\/?page_id=358"},"modified":"2021-04-06T15:17:08","modified_gmt":"2021-04-06T15:17:08","slug":"pristup","status":"publish","type":"page","link":"https:\/\/klubik.mynatomame.cz\/en\/o-nas\/pristup\/","title":{"rendered":"Approach"},"content":{"rendered":"<div data-elementor-type=\"wp-page\" data-elementor-id=\"358\" class=\"elementor elementor-358\" data-elementor-settings=\"[]\">\n\t\t\t\t\t\t<div class=\"elementor-inner\">\n\t\t\t\t\t\t\t<div class=\"elementor-section-wrap\">\n\t\t\t\t\t\t\t<section class=\"elementor-section elementor-top-section elementor-element elementor-element-d964099 elementor-section-boxed elementor-section-height-default elementor-section-height-default\" data-id=\"d964099\" data-element_type=\"section\" data-settings=\"{&quot;background_background&quot;:&quot;classic&quot;}\">\n\t\t\t\t\t\t\t<div class=\"elementor-background-overlay\"><\/div>\n\t\t\t\t\t\t\t<div class=\"elementor-container elementor-column-gap-default\">\n\t\t\t\t\t\t\t<div class=\"elementor-row\">\n\t\t\t\t\t<div class=\"elementor-column elementor-col-100 elementor-top-column elementor-element elementor-element-b785cc8\" data-id=\"b785cc8\" data-element_type=\"column\">\n\t\t\t<div class=\"elementor-column-wrap elementor-element-populated\">\n\t\t\t\t\t\t\t<div class=\"elementor-widget-wrap\">\n\t\t\t\t\t\t<div class=\"elementor-element elementor-element-51235122 elementor-widget elementor-widget-heading\" data-id=\"51235122\" data-element_type=\"widget\" data-widget_type=\"heading.default\">\n\t\t\t\t<div class=\"elementor-widget-container\">\n\t\t\t<h1 class=\"elementor-heading-title elementor-size-default\">Approach<\/h1>\t\t<\/div>\n\t\t\t\t<\/div>\n\t\t\t\t\t\t<\/div>\n\t\t\t\t\t<\/div>\n\t\t<\/div>\n\t\t\t\t\t\t\t\t<\/div>\n\t\t\t\t\t<\/div>\n\t\t<\/section>\n\t\t\t\t<section class=\"elementor-section elementor-top-section elementor-element elementor-element-2eb5e6d3 elementor-section-boxed elementor-section-height-default elementor-section-height-default\" data-id=\"2eb5e6d3\" data-element_type=\"section\">\n\t\t\t\t\t\t<div class=\"elementor-container elementor-column-gap-default\">\n\t\t\t\t\t\t\t<div class=\"elementor-row\">\n\t\t\t\t\t<div class=\"elementor-column elementor-col-50 elementor-top-column elementor-element elementor-element-3b91f0c0\" data-id=\"3b91f0c0\" data-element_type=\"column\">\n\t\t\t<div class=\"elementor-column-wrap elementor-element-populated\">\n\t\t\t\t\t\t\t<div class=\"elementor-widget-wrap\">\n\t\t\t\t\t\t<div class=\"elementor-element elementor-element-b936194 elementor-widget elementor-widget-image\" data-id=\"b936194\" data-element_type=\"widget\" data-widget_type=\"image.default\">\n\t\t\t\t<div class=\"elementor-widget-container\">\n\t\t\t\t\t<div class=\"elementor-image\">\n\t\t\t\t\t\t\t\t\t\t<img width=\"768\" height=\"1024\" src=\"https:\/\/klubik.mynatomame.cz\/app\/uploads\/2021\/03\/Roza-and-kids-2-768x1024.jpg\" class=\"attachment-large size-large\" alt=\"\" loading=\"lazy\" srcset=\"https:\/\/klubik.mynatomame.cz\/app\/uploads\/2021\/03\/Roza-and-kids-2-768x1024.jpg 768w, https:\/\/klubik.mynatomame.cz\/app\/uploads\/2021\/03\/Roza-and-kids-2-450x600.jpg 450w, https:\/\/klubik.mynatomame.cz\/app\/uploads\/2021\/03\/Roza-and-kids-2-1152x1536.jpg 1152w, https:\/\/klubik.mynatomame.cz\/app\/uploads\/2021\/03\/Roza-and-kids-2-1536x2048.jpg 1536w, https:\/\/klubik.mynatomame.cz\/app\/uploads\/2021\/03\/Roza-and-kids-2-9x12.jpg 9w, https:\/\/klubik.mynatomame.cz\/app\/uploads\/2021\/03\/Roza-and-kids-2-scaled.jpg 1920w\" sizes=\"(max-width: 768px) 100vw, 768px\" \/>\t\t\t\t\t\t\t\t\t\t\t<\/div>\n\t\t\t\t<\/div>\n\t\t\t\t<\/div>\n\t\t\t\t\t\t<\/div>\n\t\t\t\t\t<\/div>\n\t\t<\/div>\n\t\t\t\t<div class=\"elementor-column elementor-col-50 elementor-top-column elementor-element elementor-element-42c7365a\" data-id=\"42c7365a\" data-element_type=\"column\">\n\t\t\t<div class=\"elementor-column-wrap elementor-element-populated\">\n\t\t\t\t\t\t\t<div class=\"elementor-widget-wrap\">\n\t\t\t\t\t\t<div class=\"elementor-element elementor-element-2e92bc47 elementor-widget elementor-widget-text-editor\" data-id=\"2e92bc47\" data-element_type=\"widget\" data-widget_type=\"text-editor.default\">\n\t\t\t\t<div class=\"elementor-widget-container\">\n\t\t\t\t\t<div class=\"elementor-text-editor elementor-clearfix\"><p><span style=\"font-weight: 400;\">In addition to the other stresses of poverty, including food insecurity and the often negative influences of at-risk populations living in collective housing, the children find themselves in an environment where there is often no quiet or private space, and no real way to spend constructive or fun time, away from the struggles they face in daily life.<\/span><\/p><p><span style=\"font-weight: 400;\">\u00a0For all of our kids, experiencing a positive environment like they have in the club was a completely new affair. Many of them told their club mentors that this was  their first experience of feeling safe, included, of receiving recognition and encouragement.<\/span><\/p><p><span style=\"font-weight: 400;\">The club has become highly significant, both for the children and the parents. We believe the program has not only a beneficial effect for the children directly involved, but is also allowing us to continue to learn how best to serve children in this type of circumstance.<\/span><\/p><p>\u00a0<\/p><p><strong>From the team:<\/strong><\/p><p><span style=\"font-weight: 400;\">We have an individual approach to the children. We pay attention not only to fulfilling assigned tasks, but also how the kids behave toward one another and how they respect the rules of the club. We try to note their mood, and listen to any distress they may be in.<\/span><\/p><p><span style=\"font-weight: 400;\">These children are used to suppressing their personal feelings and worries, because doing so makes things easier for them. In their home environment, no one asks them how they feel, and therefore they often ignore their feelings in themselves. Whenever we notice that children are not \"in their own skin\", we offer them a so-called safe place - they know that they can confide in us about everything they feel or what is happening in their lives.<\/span><\/p><p><span style=\"font-weight: 400;\">At the beginning of the project the children were quite  reserved. Two years in they were already very comfortable with us, and could rely on and confide on us. As the club has now been operating for 5 years, we have had the opportunity to work with a larger amount of children. We are still in contact with most of them, including those who are of legal age now and have not been visiting the club for some time.  They get in touch, sometimes asking for advice, sometimes simply to say hello and remember the experiences they had with us at the club. Most of them take us as their older siblings or more experienced friends.<\/span><\/p><\/div>\n\t\t\t\t<\/div>\n\t\t\t\t<\/div>\n\t\t\t\t\t\t<\/div>\n\t\t\t\t\t<\/div>\n\t\t<\/div>\n\t\t\t\t\t\t\t\t<\/div>\n\t\t\t\t\t<\/div>\n\t\t<\/section>\n\t\t\t\t<section class=\"elementor-section elementor-top-section elementor-element elementor-element-611d7a8 elementor-section-boxed elementor-section-height-default elementor-section-height-default\" data-id=\"611d7a8\" data-element_type=\"section\">\n\t\t\t\t\t\t<div class=\"elementor-container elementor-column-gap-default\">\n\t\t\t\t\t\t\t<div class=\"elementor-row\">\n\t\t\t\t\t<div class=\"elementor-column elementor-col-100 elementor-top-column elementor-element elementor-element-ac8af15\" data-id=\"ac8af15\" data-element_type=\"column\">\n\t\t\t<div class=\"elementor-column-wrap elementor-element-populated\">\n\t\t\t\t\t\t\t<div class=\"elementor-widget-wrap\">\n\t\t\t\t\t\t<div class=\"elementor-element elementor-element-76c50f7 elementor-widget elementor-widget-image-gallery\" data-id=\"76c50f7\" data-element_type=\"widget\" data-widget_type=\"image-gallery.default\">\n\t\t\t\t<div class=\"elementor-widget-container\">\n\t\t\t\t\t<div class=\"elementor-image-gallery\">\n\t\t\t<div id='gallery-1' class='gallery galleryid-358 gallery-columns-3 gallery-size-thumbnail'><figure class='gallery-item'>\n\t\t\t<div class='gallery-icon portrait'>\n\t\t\t\t<a data-elementor-open-lightbox=\"yes\" data-elementor-lightbox-slideshow=\"76c50f7\" data-elementor-lightbox-title=\"taking a break to make things!!\" href='https:\/\/klubik.mynatomame.cz\/en\/app\/uploads\/2021\/03\/taking-a-break-to-make-things.jpg\/'><img width=\"600\" height=\"600\" src=\"https:\/\/klubik.mynatomame.cz\/app\/uploads\/2021\/03\/taking-a-break-to-make-things-600x600.jpg\" class=\"attachment-thumbnail size-thumbnail\" alt=\"\" loading=\"lazy\" \/><\/a>\n\t\t\t<\/div><\/figure><figure class='gallery-item'>\n\t\t\t<div class='gallery-icon portrait'>\n\t\t\t\t<a data-elementor-open-lightbox=\"yes\" data-elementor-lightbox-slideshow=\"76c50f7\" data-elementor-lightbox-title=\"Roza roller coaster\" href='https:\/\/klubik.mynatomame.cz\/en\/app\/uploads\/2021\/03\/Roza-roller-coaster-scaled.jpg\/'><img width=\"600\" height=\"600\" src=\"https:\/\/klubik.mynatomame.cz\/app\/uploads\/2021\/03\/Roza-roller-coaster-600x600.jpg\" class=\"attachment-thumbnail size-thumbnail\" alt=\"\" loading=\"lazy\" \/><\/a>\n\t\t\t<\/div><\/figure><figure class='gallery-item'>\n\t\t\t<div class='gallery-icon portrait'>\n\t\t\t\t<a data-elementor-open-lightbox=\"yes\" data-elementor-lightbox-slideshow=\"76c50f7\" data-elementor-lightbox-title=\"Roza and kids 2\" href='https:\/\/klubik.mynatomame.cz\/en\/app\/uploads\/2021\/03\/Roza-and-kids-2-scaled.jpg\/'><img width=\"600\" height=\"600\" src=\"https:\/\/klubik.mynatomame.cz\/app\/uploads\/2021\/03\/Roza-and-kids-2-600x600.jpg\" class=\"attachment-thumbnail size-thumbnail\" alt=\"\" loading=\"lazy\" \/><\/a>\n\t\t\t<\/div><\/figure><figure class='gallery-item'>\n\t\t\t<div class='gallery-icon portrait'>\n\t\t\t\t<a data-elementor-open-lightbox=\"yes\" data-elementor-lightbox-slideshow=\"76c50f7\" data-elementor-lightbox-title=\"Klubik zoo\" href='https:\/\/klubik.mynatomame.cz\/en\/app\/uploads\/2021\/03\/Klubik-zoo-scaled.jpg\/'><img width=\"600\" height=\"600\" src=\"https:\/\/klubik.mynatomame.cz\/app\/uploads\/2021\/03\/Klubik-zoo-600x600.jpg\" class=\"attachment-thumbnail size-thumbnail\" alt=\"\" loading=\"lazy\" \/><\/a>\n\t\t\t<\/div><\/figure><figure class='gallery-item'>\n\t\t\t<div class='gallery-icon portrait'>\n\t\t\t\t<a data-elementor-open-lightbox=\"yes\" data-elementor-lightbox-slideshow=\"76c50f7\" data-elementor-lightbox-title=\"klubik zoo 2\" href='https:\/\/klubik.mynatomame.cz\/en\/app\/uploads\/2021\/03\/klubik-zoo-2-scaled.jpg\/'><img width=\"600\" height=\"600\" src=\"https:\/\/klubik.mynatomame.cz\/app\/uploads\/2021\/03\/klubik-zoo-2-600x600.jpg\" class=\"attachment-thumbnail size-thumbnail\" alt=\"\" loading=\"lazy\" \/><\/a>\n\t\t\t<\/div><\/figure><figure class='gallery-item'>\n\t\t\t<div class='gallery-icon landscape'>\n\t\t\t\t<a data-elementor-open-lightbox=\"yes\" data-elementor-lightbox-slideshow=\"76c50f7\" data-elementor-lightbox-title=\"art snack competition\" href='https:\/\/klubik.mynatomame.cz\/en\/app\/uploads\/2021\/03\/art-snack-competition-scaled.jpg\/'><img width=\"600\" height=\"600\" src=\"https:\/\/klubik.mynatomame.cz\/app\/uploads\/2021\/03\/art-snack-competition-600x600.jpg\" class=\"attachment-thumbnail size-thumbnail\" alt=\"\" loading=\"lazy\" \/><\/a>\n\t\t\t<\/div><\/figure><figure class='gallery-item'>\n\t\t\t<div class='gallery-icon landscape'>\n\t\t\t\t<a data-elementor-open-lightbox=\"yes\" data-elementor-lightbox-slideshow=\"76c50f7\" data-elementor-lightbox-title=\"108136505_309297893784737_6875487959411231860_n\" href='https:\/\/klubik.mynatomame.cz\/en\/app\/uploads\/2021\/03\/108136505_309297893784737_6875487959411231860_n.jpg\/'><img width=\"600\" height=\"600\" src=\"https:\/\/klubik.mynatomame.cz\/app\/uploads\/2021\/03\/108136505_309297893784737_6875487959411231860_n-600x600.jpg\" class=\"attachment-thumbnail size-thumbnail\" alt=\"\" loading=\"lazy\" \/><\/a>\n\t\t\t<\/div><\/figure><figure class='gallery-item'>\n\t\t\t<div class='gallery-icon portrait'>\n\t\t\t\t<a data-elementor-open-lightbox=\"yes\" data-elementor-lightbox-slideshow=\"76c50f7\" data-elementor-lightbox-title=\"107381524_1200637980294392_3157745168326001711_n\" href='https:\/\/klubik.mynatomame.cz\/en\/app\/uploads\/2021\/03\/107381524_1200637980294392_3157745168326001711_n.jpg\/'><img width=\"600\" height=\"600\" src=\"https:\/\/klubik.mynatomame.cz\/app\/uploads\/2021\/03\/107381524_1200637980294392_3157745168326001711_n-600x600.jpg\" class=\"attachment-thumbnail size-thumbnail\" alt=\"\" loading=\"lazy\" \/><\/a>\n\t\t\t<\/div><\/figure><figure class='gallery-item'>\n\t\t\t<div class='gallery-icon portrait'>\n\t\t\t\t<a data-elementor-open-lightbox=\"yes\" data-elementor-lightbox-slideshow=\"76c50f7\" data-elementor-lightbox-title=\"87544910_2507271846205986_7774903516098723840_n\" href='https:\/\/klubik.mynatomame.cz\/en\/app\/uploads\/2021\/03\/87544910_2507271846205986_7774903516098723840_n.jpg\/'><img width=\"600\" height=\"600\" src=\"https:\/\/klubik.mynatomame.cz\/app\/uploads\/2021\/03\/87544910_2507271846205986_7774903516098723840_n-600x600.jpg\" class=\"attachment-thumbnail size-thumbnail\" alt=\"\" loading=\"lazy\" \/><\/a>\n\t\t\t<\/div><\/figure><figure class='gallery-item'>\n\t\t\t<div class='gallery-icon landscape'>\n\t\t\t\t<a data-elementor-open-lightbox=\"yes\" data-elementor-lightbox-slideshow=\"76c50f7\" data-elementor-lightbox-title=\"71648728_10217606200724001_3252430771637452800_n\" href='https:\/\/klubik.mynatomame.cz\/en\/app\/uploads\/2021\/03\/71648728_10217606200724001_3252430771637452800_n.jpg\/'><img width=\"600\" height=\"600\" src=\"https:\/\/klubik.mynatomame.cz\/app\/uploads\/2021\/03\/71648728_10217606200724001_3252430771637452800_n-600x600.jpg\" class=\"attachment-thumbnail size-thumbnail\" alt=\"\" loading=\"lazy\" \/><\/a>\n\t\t\t<\/div><\/figure><figure class='gallery-item'>\n\t\t\t<div class='gallery-icon portrait'>\n\t\t\t\t<a data-elementor-open-lightbox=\"yes\" data-elementor-lightbox-slideshow=\"76c50f7\" data-elementor-lightbox-title=\"61558846_10216595615620005_8660940185338380288_n\" href='https:\/\/klubik.mynatomame.cz\/en\/app\/uploads\/2021\/03\/61558846_10216595615620005_8660940185338380288_n.jpg\/'><img width=\"600\" height=\"600\" src=\"https:\/\/klubik.mynatomame.cz\/app\/uploads\/2021\/03\/61558846_10216595615620005_8660940185338380288_n-600x600.jpg\" class=\"attachment-thumbnail size-thumbnail\" alt=\"\" loading=\"lazy\" \/><\/a>\n\t\t\t<\/div><\/figure><figure class='gallery-item'>\n\t\t\t<div class='gallery-icon landscape'>\n\t\t\t\t<a data-elementor-open-lightbox=\"yes\" data-elementor-lightbox-slideshow=\"76c50f7\" data-elementor-lightbox-title=\"56749356_10216254477611768_3121961240121835520_n\" href='https:\/\/klubik.mynatomame.cz\/en\/app\/uploads\/2021\/03\/56749356_10216254477611768_3121961240121835520_n.jpg\/'><img width=\"600\" height=\"600\" src=\"https:\/\/klubik.mynatomame.cz\/app\/uploads\/2021\/03\/56749356_10216254477611768_3121961240121835520_n-600x600.jpg\" class=\"attachment-thumbnail size-thumbnail\" alt=\"\" loading=\"lazy\" \/><\/a>\n\t\t\t<\/div><\/figure>\n\t\t<\/div>\n\t\t<\/div>\n\t\t\t\t<\/div>\n\t\t\t\t<\/div>\n\t\t\t\t\t\t<\/div>\n\t\t\t\t\t<\/div>\n\t\t<\/div>\n\t\t\t\t\t\t\t\t<\/div>\n\t\t\t\t\t<\/div>\n\t\t<\/section>\n\t\t\t\t\t\t<\/div>\n\t\t\t\t\t\t<\/div>\n\t\t\t\t\t<\/div>","protected":false},"excerpt":{"rendered":"<p>P\u0159\u00edstup Krom\u011b ji\u017e zm\u00edn\u011bn\u00fdch stres\u016f z chudoby, tak\u00e9 v\u010detn\u011b starosti z nedostatku prost\u0159edk\u016f (potraviny, hygienick\u00e9 pot\u0159eby) a jin\u00fdch, \u010dasto negativn\u00edch vliv\u016f t\u00e9to\u00a0 ohro\u017een\u00e9 populace \u017eij\u00edc\u00ed ve spole\u010dn\u00e9m bydlen\u00ed, je pro d\u011bti velmi \u010dast\u00fdm probl\u00e9mem to, \u017ee se nach\u00e1zej\u00ed v prost\u0159ed\u00ed, ve kter\u00e9m nemaj\u00ed v\u016fbec \u017e\u00e1dn\u00e9 klidn\u00e9 m\u00edsto, ani soukrom\u00fd prostor a opravdu \u017e\u00e1dnou mo\u017enost, jak &hellip;<\/p>\n<p class=\"read-more\"> <a class=\"\" href=\"https:\/\/klubik.mynatomame.cz\/en\/o-nas\/pristup\/\"> <span class=\"screen-reader-text\">Approach<\/span> Read More &raquo;<\/a><\/p>","protected":false},"author":1,"featured_media":0,"parent":31,"menu_order":0,"comment_status":"closed","ping_status":"closed","template":"","meta":[],"_links":{"self":[{"href":"https:\/\/klubik.mynatomame.cz\/en\/wp-json\/wp\/v2\/pages\/358"}],"collection":[{"href":"https:\/\/klubik.mynatomame.cz\/en\/wp-json\/wp\/v2\/pages"}],"about":[{"href":"https:\/\/klubik.mynatomame.cz\/en\/wp-json\/wp\/v2\/types\/page"}],"author":[{"embeddable":true,"href":"https:\/\/klubik.mynatomame.cz\/en\/wp-json\/wp\/v2\/users\/1"}],"replies":[{"embeddable":true,"href":"https:\/\/klubik.mynatomame.cz\/en\/wp-json\/wp\/v2\/comments?post=358"}],"version-history":[{"count":23,"href":"https:\/\/klubik.mynatomame.cz\/en\/wp-json\/wp\/v2\/pages\/358\/revisions"}],"predecessor-version":[{"id":819,"href":"https:\/\/klubik.mynatomame.cz\/en\/wp-json\/wp\/v2\/pages\/358\/revisions\/819"}],"up":[{"embeddable":true,"href":"https:\/\/klubik.mynatomame.cz\/en\/wp-json\/wp\/v2\/pages\/31"}],"wp:attachment":[{"href":"https:\/\/klubik.mynatomame.cz\/en\/wp-json\/wp\/v2\/media?parent=358"}],"curies":[{"name":"wp","href":"https:\/\/api.w.org\/{rel}","templated":true}]}}