{"id":365,"date":"2021-02-13T15:39:00","date_gmt":"2021-02-13T15:39:00","guid":{"rendered":"https:\/\/klubik.mynatomame.cz\/?page_id=365"},"modified":"2022-11-04T23:19:54","modified_gmt":"2022-11-04T23:19:54","slug":"covid-krize","status":"publish","type":"page","link":"https:\/\/klubik.mynatomame.cz\/en\/o-nas\/covid-krize\/","title":{"rendered":"Covid Krize"},"content":{"rendered":"<div data-elementor-type=\"wp-page\" data-elementor-id=\"365\" class=\"elementor elementor-365\" data-elementor-settings=\"[]\">\n\t\t\t\t\t\t<div class=\"elementor-inner\">\n\t\t\t\t\t\t\t<div class=\"elementor-section-wrap\">\n\t\t\t\t\t\t\t<section class=\"elementor-section elementor-top-section elementor-element elementor-element-87c6a9e elementor-section-boxed elementor-section-height-default elementor-section-height-default\" data-id=\"87c6a9e\" data-element_type=\"section\" data-settings=\"{&quot;background_background&quot;:&quot;classic&quot;}\">\n\t\t\t\t\t\t\t<div class=\"elementor-background-overlay\"><\/div>\n\t\t\t\t\t\t\t<div class=\"elementor-container elementor-column-gap-default\">\n\t\t\t\t\t\t\t<div class=\"elementor-row\">\n\t\t\t\t\t<div class=\"elementor-column elementor-col-100 elementor-top-column elementor-element elementor-element-2a4bffc4\" data-id=\"2a4bffc4\" data-element_type=\"column\">\n\t\t\t<div class=\"elementor-column-wrap elementor-element-populated\">\n\t\t\t\t\t\t\t<div class=\"elementor-widget-wrap\">\n\t\t\t\t\t\t<div class=\"elementor-element elementor-element-44aa2794 elementor-widget elementor-widget-heading\" data-id=\"44aa2794\" data-element_type=\"widget\" data-widget_type=\"heading.default\">\n\t\t\t\t<div class=\"elementor-widget-container\">\n\t\t\t<h1 class=\"elementor-heading-title elementor-size-default\">Covid krize<\/h1>\t\t<\/div>\n\t\t\t\t<\/div>\n\t\t\t\t\t\t<\/div>\n\t\t\t\t\t<\/div>\n\t\t<\/div>\n\t\t\t\t\t\t\t\t<\/div>\n\t\t\t\t\t<\/div>\n\t\t<\/section>\n\t\t\t\t<section class=\"elementor-section elementor-top-section elementor-element elementor-element-1fe3f054 elementor-section-boxed elementor-section-height-default elementor-section-height-default\" data-id=\"1fe3f054\" data-element_type=\"section\">\n\t\t\t\t\t\t<div class=\"elementor-container elementor-column-gap-default\">\n\t\t\t\t\t\t\t<div class=\"elementor-row\">\n\t\t\t\t\t<div class=\"elementor-column elementor-col-50 elementor-top-column elementor-element elementor-element-6f5ed80b\" data-id=\"6f5ed80b\" data-element_type=\"column\">\n\t\t\t<div class=\"elementor-column-wrap elementor-element-populated\">\n\t\t\t\t\t\t\t<div class=\"elementor-widget-wrap\">\n\t\t\t\t\t\t<div class=\"elementor-element elementor-element-83bd006 elementor-widget elementor-widget-image\" data-id=\"83bd006\" data-element_type=\"widget\" data-widget_type=\"image.default\">\n\t\t\t\t<div class=\"elementor-widget-container\">\n\t\t\t\t\t<div class=\"elementor-image\">\n\t\t\t\t\t\t\t\t\t\t<img width=\"768\" height=\"1024\" src=\"https:\/\/klubik.mynatomame.cz\/app\/uploads\/2021\/03\/Christmas-rousky-2-768x1024.jpg\" class=\"attachment-large size-large\" alt=\"\" loading=\"lazy\" srcset=\"https:\/\/klubik.mynatomame.cz\/app\/uploads\/2021\/03\/Christmas-rousky-2-768x1024.jpg 768w, https:\/\/klubik.mynatomame.cz\/app\/uploads\/2021\/03\/Christmas-rousky-2-450x600.jpg 450w, https:\/\/klubik.mynatomame.cz\/app\/uploads\/2021\/03\/Christmas-rousky-2-1152x1536.jpg 1152w, https:\/\/klubik.mynatomame.cz\/app\/uploads\/2021\/03\/Christmas-rousky-2-1536x2048.jpg 1536w, https:\/\/klubik.mynatomame.cz\/app\/uploads\/2021\/03\/Christmas-rousky-2-9x12.jpg 9w, https:\/\/klubik.mynatomame.cz\/app\/uploads\/2021\/03\/Christmas-rousky-2-scaled.jpg 1920w\" sizes=\"(max-width: 768px) 100vw, 768px\" \/>\t\t\t\t\t\t\t\t\t\t\t<\/div>\n\t\t\t\t<\/div>\n\t\t\t\t<\/div>\n\t\t\t\t\t\t<\/div>\n\t\t\t\t\t<\/div>\n\t\t<\/div>\n\t\t\t\t<div class=\"elementor-column elementor-col-50 elementor-top-column elementor-element elementor-element-20a1b6ae\" data-id=\"20a1b6ae\" data-element_type=\"column\">\n\t\t\t<div class=\"elementor-column-wrap elementor-element-populated\">\n\t\t\t\t\t\t\t<div class=\"elementor-widget-wrap\">\n\t\t\t\t\t\t<div class=\"elementor-element elementor-element-4831b383 elementor-widget elementor-widget-text-editor\" data-id=\"4831b383\" data-element_type=\"widget\" data-widget_type=\"text-editor.default\">\n\t\t\t\t<div class=\"elementor-widget-container\">\n\t\t\t\t\t<div class=\"elementor-text-editor elementor-clearfix\"><p><span style=\"font-weight: 400;\">V dza\u010d\u00e1te\u010dn\u00ed dob\u011b COVID krize, se na ubytovnu p\u0159ist\u011bhovalo opravdu v\u011bt\u0161\u00ed mno\u017estv\u00ed nov\u00fdch rodin, jeliko\u017e v lokalit\u011b V\u00fdstavn\u00ed \u2013 Mari\u00e1nsk\u00fdch Hor\u00e1ch m\u011bsto zru\u0161ilo soci\u00e1ln\u00ed byty a tyto rodiny ze dne na den nem\u011bly kam j\u00edt. Z pohledu lektora bych cht\u011bla podotknout, \u017ee tyto d\u011bti maj\u00ed extr\u00e9mn\u011b velk\u00fd z\u00e1jem o ve\u0161ker\u00e9 aktivity, jsou obrovsky disciplinovan\u00e9 a zodpov\u011bdn\u00e9. Vzhledem k opakuj\u00edc\u00ed se situaci s COVI19 jsme museli aktivity p\u0159izp\u016fsobovat. Pokud po\u010das\u00ed dovolovalo, sna\u017eili jsme se, aby ve\u0161ker\u00e9 aktivity prob\u011bhly venku, obvzl\u00e1\u0161\u0165 z bezpe\u010dnostn\u00edch d\u016fvod\u016f. V lesoparku jsme zvl\u00e1dli jak kreslen\u00ed, v\u011bdomostn\u00ed sout\u011b\u017ee, tak samoz\u0159ejm\u011b sport a obl\u00edben\u00fd parkour. V\u017edy jsme se sna\u017eili v d\u011btech probudit touhu po v\u011bd\u011bn\u00ed, tak, aby dou\u010dov\u00e1n\u00ed a v\u011bdomostn\u00ed hry nebyly pouze povinnou aktivitou, ale aby m\u011bly zv\u011bdavost po informac\u00edch ze sv\u00e9 v\u016fle.<\/span><\/p><p><span style=\"font-weight: 400;\">Jednou t\u00fddn\u011b jsme nav\u0161t\u011bvovali trampol\u00ednov\u00e9 centrum ENHA freestyle, kde d\u011bti mohou tr\u00e9novat a zdokonalovat sv\u00e9 parkour dovednosti a to v bezpe\u010d\u00ed, pod dohledem na\u0161eho tren\u00e9ra Patrika. Ka\u017ed\u00fd tr\u00e9nink za\u010d\u00ednal rozcvi\u010dkou a n\u00e1sledn\u011b d\u011bti tr\u00e9nuj\u00ed individu\u00e1ln\u011b. P\u0159i ka\u017ed\u00e9m tr\u00e9ninku se sna\u017e\u00edme, aby ka\u017ed\u00e9 d\u00edt\u011b p\u0159ekonalo sv\u016fj nov\u00fd nastaven\u00fd c\u00edl.<\/span><\/p><\/div>\n\t\t\t\t<\/div>\n\t\t\t\t<\/div>\n\t\t\t\t\t\t<\/div>\n\t\t\t\t\t<\/div>\n\t\t<\/div>\n\t\t\t\t\t\t\t\t<\/div>\n\t\t\t\t\t<\/div>\n\t\t<\/section>\n\t\t\t\t<section class=\"elementor-section elementor-top-section elementor-element elementor-element-0edf9a0 elementor-section-boxed elementor-section-height-default elementor-section-height-default\" data-id=\"0edf9a0\" data-element_type=\"section\">\n\t\t\t\t\t\t<div class=\"elementor-container elementor-column-gap-default\">\n\t\t\t\t\t\t\t<div class=\"elementor-row\">\n\t\t\t\t\t<div class=\"elementor-column elementor-col-50 elementor-top-column elementor-element elementor-element-dbfcdb6\" data-id=\"dbfcdb6\" data-element_type=\"column\">\n\t\t\t<div class=\"elementor-column-wrap elementor-element-populated\">\n\t\t\t\t\t\t\t<div class=\"elementor-widget-wrap\">\n\t\t\t\t\t\t<div class=\"elementor-element elementor-element-6b0fd97 elementor-widget elementor-widget-image\" data-id=\"6b0fd97\" data-element_type=\"widget\" data-widget_type=\"image.default\">\n\t\t\t\t<div class=\"elementor-widget-container\">\n\t\t\t\t\t<div class=\"elementor-image\">\n\t\t\t\t\t\t\t\t\t\t<img width=\"768\" height=\"1024\" src=\"https:\/\/klubik.mynatomame.cz\/app\/uploads\/2021\/03\/One-on-one-with-rousky-768x1024.jpg\" class=\"attachment-large size-large\" alt=\"\" loading=\"lazy\" srcset=\"https:\/\/klubik.mynatomame.cz\/app\/uploads\/2021\/03\/One-on-one-with-rousky-768x1024.jpg 768w, https:\/\/klubik.mynatomame.cz\/app\/uploads\/2021\/03\/One-on-one-with-rousky-450x600.jpg 450w, https:\/\/klubik.mynatomame.cz\/app\/uploads\/2021\/03\/One-on-one-with-rousky-1152x1536.jpg 1152w, https:\/\/klubik.mynatomame.cz\/app\/uploads\/2021\/03\/One-on-one-with-rousky-1536x2048.jpg 1536w, https:\/\/klubik.mynatomame.cz\/app\/uploads\/2021\/03\/One-on-one-with-rousky-9x12.jpg 9w, https:\/\/klubik.mynatomame.cz\/app\/uploads\/2021\/03\/One-on-one-with-rousky-scaled.jpg 1920w\" sizes=\"(max-width: 768px) 100vw, 768px\" \/>\t\t\t\t\t\t\t\t\t\t\t<\/div>\n\t\t\t\t<\/div>\n\t\t\t\t<\/div>\n\t\t\t\t\t\t<\/div>\n\t\t\t\t\t<\/div>\n\t\t<\/div>\n\t\t\t\t<div class=\"elementor-column elementor-col-50 elementor-top-column elementor-element elementor-element-a6ce462\" data-id=\"a6ce462\" data-element_type=\"column\">\n\t\t\t<div class=\"elementor-column-wrap elementor-element-populated\">\n\t\t\t\t\t\t\t<div class=\"elementor-widget-wrap\">\n\t\t\t\t\t\t<div class=\"elementor-element elementor-element-3ba8b9e elementor-widget elementor-widget-text-editor\" data-id=\"3ba8b9e\" data-element_type=\"widget\" data-widget_type=\"text-editor.default\">\n\t\t\t\t<div class=\"elementor-widget-container\">\n\t\t\t\t\t<div class=\"elementor-text-editor elementor-clearfix\"><p><span style=\"font-weight: 400;\">This year during the times we were able to hold indoor activities, we worked with the children in very small groups  in order to comply with hygienic rules. We organised activities for two levels - preschoolers and  primary schoolers, and secondary school age kids.<\/span><\/p><p><span style=\"font-weight: 400;\">Kdy\u017e se opat\u0159en\u00ed zp\u0159\u00edsnila, brali jsme v\u017edy d\u011bti jen po 4 (2 + 1 lektor) a plnili s d\u011btmi u\u010divo pro dom\u00e1c\u00ed v\u00fduku. B\u011bhem tohoto obdob\u00ed jsme si bohu\u017eel nemohli nev\u0161imnout hrub\u00fdch nedostatk\u016f ze strany vyu\u010duj\u00edc\u00edch, kte\u0159\u00ed d\u011btem \u00fakoly zad\u00e1vaj\u00ed. Ze zhruba 25ti d\u011bt\u00ed m\u011blo online v\u00fduku pouze 10 z nich. U zbytku fungovalo dom\u00e1c\u00ed u\u010den\u00ed tak, \u017ee jednou t\u00fddn\u011b vyzved\u00e1vali ve \u0161kole hromadu pracovn\u00edch list\u016f, kter\u00e9 museli do p\u0159\u00ed\u0161t\u00edho t\u00fddne vypracovat.<\/span><\/p><p><span style=\"font-weight: 400;\">U prvn\u00edho stupn\u011b se jednalo sp\u00ed\u0161e o psan\u00ed a \u010dten\u00ed, ale u star\u0161\u00edch d\u011bt\u00ed jde o spoustu p\u0159edm\u011bt\u016f, se kter\u00fdmi si v\u016fbec nev\u00ed rady a opravdu pot\u0159ebovali na\u0161i pomoc, bez kter\u00e9 by \u00fakoly nesplnili. Dvakr\u00e1t t\u00fddn\u011b jsme tak str\u00e1vili s d\u011btmi na \u00fakolech zhruba 4 hodiny \u010dasu a ani pak jsme nem\u011bli vypracov\u00e1no v\u0161e.<\/span><\/p><p><span style=\"font-weight: 400;\">Kdy\u017e nastal lockdown, za d\u011btmi te\u010f jsme nesm\u011bli doch\u00e1zet v\u016fbec. D\u011bti z druh\u00e9ho stupn\u011b n\u00e1s lektory neust\u00e1le kontaktuj\u00ed a \u017e\u00e1daj\u00ed n\u00e1s o pomoc a rady, bohu\u017eel jejich p\u0159ipojen\u00ed k internetu a hlavn\u011b jejich telefony nejsou v dostate\u010dn\u00e9 kvalit\u011b, abychom mohli re\u00e1ln\u011b uskute\u010dnit hodnotn\u00e9 video vyu\u010dov\u00e1n\u00ed.<\/span><\/p><\/div>\n\t\t\t\t<\/div>\n\t\t\t\t<\/div>\n\t\t\t\t\t\t<\/div>\n\t\t\t\t\t<\/div>\n\t\t<\/div>\n\t\t\t\t\t\t\t\t<\/div>\n\t\t\t\t\t<\/div>\n\t\t<\/section>\n\t\t\t\t<section class=\"elementor-section elementor-top-section elementor-element elementor-element-fcffd22 elementor-section-boxed elementor-section-height-default elementor-section-height-default\" data-id=\"fcffd22\" data-element_type=\"section\">\n\t\t\t\t\t\t<div class=\"elementor-container elementor-column-gap-default\">\n\t\t\t\t\t\t\t<div class=\"elementor-row\">\n\t\t\t\t\t<div class=\"elementor-column elementor-col-100 elementor-top-column elementor-element elementor-element-40d33fa\" data-id=\"40d33fa\" data-element_type=\"column\">\n\t\t\t<div class=\"elementor-column-wrap elementor-element-populated\">\n\t\t\t\t\t\t\t<div class=\"elementor-widget-wrap\">\n\t\t\t\t\t\t<div class=\"elementor-element elementor-element-c63b9af elementor-widget elementor-widget-image-gallery\" data-id=\"c63b9af\" data-element_type=\"widget\" data-widget_type=\"image-gallery.default\">\n\t\t\t\t<div class=\"elementor-widget-container\">\n\t\t\t\t\t<div class=\"elementor-image-gallery\">\n\t\t\t<div id='gallery-1' class='gallery galleryid-365 gallery-columns-3 gallery-size-thumbnail'><figure class='gallery-item'>\n\t\t\t<div class='gallery-icon portrait'>\n\t\t\t\t<a data-elementor-open-lightbox=\"yes\" data-elementor-lightbox-slideshow=\"c63b9af\" data-elementor-lightbox-title=\"Patrik and kids sparklers\" href='https:\/\/klubik.mynatomame.cz\/en\/app\/uploads\/2021\/03\/Patrik-and-kids-sparklers.jpeg\/'><img width=\"600\" height=\"600\" src=\"https:\/\/klubik.mynatomame.cz\/app\/uploads\/2021\/03\/Patrik-and-kids-sparklers-600x600.jpeg\" class=\"attachment-thumbnail size-thumbnail\" alt=\"\" loading=\"lazy\" \/><\/a>\n\t\t\t<\/div><\/figure><figure class='gallery-item'>\n\t\t\t<div class='gallery-icon portrait'>\n\t\t\t\t<a data-elementor-open-lightbox=\"yes\" data-elementor-lightbox-slideshow=\"c63b9af\" data-elementor-lightbox-title=\"Patrik and kids cake\" href='https:\/\/klubik.mynatomame.cz\/en\/app\/uploads\/2021\/03\/Patrik-and-kids-cake.jpeg\/'><img width=\"600\" height=\"600\" src=\"https:\/\/klubik.mynatomame.cz\/app\/uploads\/2021\/03\/Patrik-and-kids-cake-600x600.jpeg\" class=\"attachment-thumbnail size-thumbnail\" alt=\"\" loading=\"lazy\" \/><\/a>\n\t\t\t<\/div><\/figure><figure class='gallery-item'>\n\t\t\t<div class='gallery-icon landscape'>\n\t\t\t\t<a data-elementor-open-lightbox=\"yes\" data-elementor-lightbox-slideshow=\"c63b9af\" data-elementor-lightbox-title=\"Patrik and boys\" href='https:\/\/klubik.mynatomame.cz\/en\/app\/uploads\/2021\/03\/Patrik-and-boys.jpeg\/'><img width=\"600\" height=\"600\" src=\"https:\/\/klubik.mynatomame.cz\/app\/uploads\/2021\/03\/Patrik-and-boys-600x600.jpeg\" class=\"attachment-thumbnail size-thumbnail\" alt=\"\" loading=\"lazy\" \/><\/a>\n\t\t\t<\/div><\/figure><figure class='gallery-item'>\n\t\t\t<div class='gallery-icon portrait'>\n\t\t\t\t<a data-elementor-open-lightbox=\"yes\" data-elementor-lightbox-slideshow=\"c63b9af\" data-elementor-lightbox-title=\"One on one with rousky\" href='https:\/\/klubik.mynatomame.cz\/en\/app\/uploads\/2021\/03\/One-on-one-with-rousky-scaled.jpg\/'><img width=\"600\" height=\"600\" src=\"https:\/\/klubik.mynatomame.cz\/app\/uploads\/2021\/03\/One-on-one-with-rousky-600x600.jpg\" class=\"attachment-thumbnail size-thumbnail\" alt=\"\" loading=\"lazy\" \/><\/a>\n\t\t\t<\/div><\/figure><figure class='gallery-item'>\n\t\t\t<div class='gallery-icon portrait'>\n\t\t\t\t<a data-elementor-open-lightbox=\"yes\" data-elementor-lightbox-slideshow=\"c63b9af\" data-elementor-lightbox-title=\"making decorations for our rooms and families\" href='https:\/\/klubik.mynatomame.cz\/en\/app\/uploads\/2021\/03\/making-decorations-for-our-rooms-and-families-scaled.jpg\/'><img width=\"600\" height=\"600\" src=\"https:\/\/klubik.mynatomame.cz\/app\/uploads\/2021\/03\/making-decorations-for-our-rooms-and-families-600x600.jpg\" class=\"attachment-thumbnail size-thumbnail\" alt=\"\" loading=\"lazy\" \/><\/a>\n\t\t\t<\/div><\/figure><figure class='gallery-item'>\n\t\t\t<div class='gallery-icon portrait'>\n\t\t\t\t<a data-elementor-open-lightbox=\"yes\" data-elementor-lightbox-slideshow=\"c63b9af\" data-elementor-lightbox-title=\"Making christmas cards rousky\" href='https:\/\/klubik.mynatomame.cz\/en\/app\/uploads\/2021\/03\/Making-christmas-cards-rousky-scaled.jpg\/'><img width=\"600\" height=\"600\" src=\"https:\/\/klubik.mynatomame.cz\/app\/uploads\/2021\/03\/Making-christmas-cards-rousky-600x600.jpg\" class=\"attachment-thumbnail size-thumbnail\" alt=\"\" loading=\"lazy\" \/><\/a>\n\t\t\t<\/div><\/figure><figure class='gallery-item'>\n\t\t\t<div class='gallery-icon portrait'>\n\t\t\t\t<a data-elementor-open-lightbox=\"yes\" data-elementor-lightbox-slideshow=\"c63b9af\" data-elementor-lightbox-title=\"klubik 5\" href='https:\/\/klubik.mynatomame.cz\/en\/app\/uploads\/2021\/03\/klubik-5.jpeg\/'><img width=\"600\" height=\"600\" src=\"https:\/\/klubik.mynatomame.cz\/app\/uploads\/2021\/03\/klubik-5-600x600.jpeg\" class=\"attachment-thumbnail size-thumbnail\" alt=\"\" loading=\"lazy\" \/><\/a>\n\t\t\t<\/div><\/figure><figure class='gallery-item'>\n\t\t\t<div class='gallery-icon portrait'>\n\t\t\t\t<a data-elementor-open-lightbox=\"yes\" data-elementor-lightbox-slideshow=\"c63b9af\" data-elementor-lightbox-title=\"Dollies!\" href='https:\/\/klubik.mynatomame.cz\/en\/app\/uploads\/2021\/03\/Dollies-scaled.jpg\/'><img width=\"600\" height=\"600\" src=\"https:\/\/klubik.mynatomame.cz\/app\/uploads\/2021\/03\/Dollies-600x600.jpg\" class=\"attachment-thumbnail size-thumbnail\" alt=\"\" loading=\"lazy\" \/><\/a>\n\t\t\t<\/div><\/figure><figure class='gallery-item'>\n\t\t\t<div class='gallery-icon landscape'>\n\t\t\t\t<a data-elementor-open-lightbox=\"yes\" data-elementor-lightbox-slideshow=\"c63b9af\" data-elementor-lightbox-title=\"Christmas rousky super!\" href='https:\/\/klubik.mynatomame.cz\/en\/app\/uploads\/2021\/03\/Christmas-rousky-super-scaled.jpg\/'><img width=\"600\" height=\"600\" src=\"https:\/\/klubik.mynatomame.cz\/app\/uploads\/2021\/03\/Christmas-rousky-super-600x600.jpg\" class=\"attachment-thumbnail size-thumbnail\" alt=\"\" loading=\"lazy\" \/><\/a>\n\t\t\t<\/div><\/figure><figure class='gallery-item'>\n\t\t\t<div class='gallery-icon portrait'>\n\t\t\t\t<a data-elementor-open-lightbox=\"yes\" data-elementor-lightbox-slideshow=\"c63b9af\" data-elementor-lightbox-title=\"Christmas rousky 2\" href='https:\/\/klubik.mynatomame.cz\/en\/app\/uploads\/2021\/03\/Christmas-rousky-2-scaled.jpg\/'><img width=\"600\" height=\"600\" src=\"https:\/\/klubik.mynatomame.cz\/app\/uploads\/2021\/03\/Christmas-rousky-2-600x600.jpg\" class=\"attachment-thumbnail size-thumbnail\" alt=\"\" loading=\"lazy\" \/><\/a>\n\t\t\t<\/div><\/figure><figure class='gallery-item'>\n\t\t\t<div class='gallery-icon portrait'>\n\t\t\t\t<a data-elementor-open-lightbox=\"yes\" data-elementor-lightbox-slideshow=\"c63b9af\" data-elementor-lightbox-title=\"christmas lighting the candles\" href='https:\/\/klubik.mynatomame.cz\/en\/app\/uploads\/2021\/03\/christmas-lighting-the-candles-scaled.jpg\/'><img width=\"600\" height=\"600\" src=\"https:\/\/klubik.mynatomame.cz\/app\/uploads\/2021\/03\/christmas-lighting-the-candles-600x600.jpg\" class=\"attachment-thumbnail size-thumbnail\" alt=\"\" loading=\"lazy\" \/><\/a>\n\t\t\t<\/div><\/figure><figure class='gallery-item'>\n\t\t\t<div class='gallery-icon portrait'>\n\t\t\t\t<a data-elementor-open-lightbox=\"yes\" data-elementor-lightbox-slideshow=\"c63b9af\" data-elementor-lightbox-title=\"christmas kids lighting candles\" href='https:\/\/klubik.mynatomame.cz\/en\/app\/uploads\/2021\/03\/christmas-kids-lighting-candles-scaled.jpg\/'><img width=\"600\" height=\"600\" src=\"https:\/\/klubik.mynatomame.cz\/app\/uploads\/2021\/03\/christmas-kids-lighting-candles-600x600.jpg\" class=\"attachment-thumbnail size-thumbnail\" alt=\"\" loading=\"lazy\" \/><\/a>\n\t\t\t<\/div><\/figure>\n\t\t<\/div>\n\t\t<\/div>\n\t\t\t\t<\/div>\n\t\t\t\t<\/div>\n\t\t\t\t\t\t<\/div>\n\t\t\t\t\t<\/div>\n\t\t<\/div>\n\t\t\t\t\t\t\t\t<\/div>\n\t\t\t\t\t<\/div>\n\t\t<\/section>\n\t\t\t\t\t\t<\/div>\n\t\t\t\t\t\t<\/div>\n\t\t\t\t\t<\/div>","protected":false},"excerpt":{"rendered":"<p>Covid krize V dza\u010d\u00e1te\u010dn\u00ed dob\u011b COVID krize, se na ubytovnu p\u0159ist\u011bhovalo opravdu v\u011bt\u0161\u00ed mno\u017estv\u00ed nov\u00fdch rodin, jeliko\u017e v lokalit\u011b V\u00fdstavn\u00ed \u2013 Mari\u00e1nsk\u00fdch Hor\u00e1ch m\u011bsto zru\u0161ilo soci\u00e1ln\u00ed byty a tyto rodiny ze dne na den nem\u011bly kam j\u00edt. Z pohledu lektora bych cht\u011bla podotknout, \u017ee tyto d\u011bti maj\u00ed extr\u00e9mn\u011b velk\u00fd z\u00e1jem o ve\u0161ker\u00e9 aktivity, jsou obrovsky &hellip;<\/p>\n<p class=\"read-more\"> <a class=\"\" href=\"https:\/\/klubik.mynatomame.cz\/en\/o-nas\/covid-krize\/\"> <span class=\"screen-reader-text\">Covid Krize<\/span> Read More &raquo;<\/a><\/p>","protected":false},"author":1,"featured_media":0,"parent":31,"menu_order":0,"comment_status":"closed","ping_status":"closed","template":"","meta":[],"_links":{"self":[{"href":"https:\/\/klubik.mynatomame.cz\/en\/wp-json\/wp\/v2\/pages\/365"}],"collection":[{"href":"https:\/\/klubik.mynatomame.cz\/en\/wp-json\/wp\/v2\/pages"}],"about":[{"href":"https:\/\/klubik.mynatomame.cz\/en\/wp-json\/wp\/v2\/types\/page"}],"author":[{"embeddable":true,"href":"https:\/\/klubik.mynatomame.cz\/en\/wp-json\/wp\/v2\/users\/1"}],"replies":[{"embeddable":true,"href":"https:\/\/klubik.mynatomame.cz\/en\/wp-json\/wp\/v2\/comments?post=365"}],"version-history":[{"count":32,"href":"https:\/\/klubik.mynatomame.cz\/en\/wp-json\/wp\/v2\/pages\/365\/revisions"}],"predecessor-version":[{"id":1057,"href":"https:\/\/klubik.mynatomame.cz\/en\/wp-json\/wp\/v2\/pages\/365\/revisions\/1057"}],"up":[{"embeddable":true,"href":"https:\/\/klubik.mynatomame.cz\/en\/wp-json\/wp\/v2\/pages\/31"}],"wp:attachment":[{"href":"https:\/\/klubik.mynatomame.cz\/en\/wp-json\/wp\/v2\/media?parent=365"}],"curies":[{"name":"wp","href":"https:\/\/api.w.org\/{rel}","templated":true}]}}