{"id":370,"date":"2021-02-13T15:41:48","date_gmt":"2021-02-13T15:41:48","guid":{"rendered":"https:\/\/klubik.mynatomame.cz\/?page_id=370"},"modified":"2022-10-24T16:55:23","modified_gmt":"2022-10-24T16:55:23","slug":"potreba","status":"publish","type":"page","link":"https:\/\/klubik.mynatomame.cz\/en\/o-nas\/potreba\/","title":{"rendered":"Need"},"content":{"rendered":"<div data-elementor-type=\"wp-page\" data-elementor-id=\"370\" class=\"elementor elementor-370\" data-elementor-settings=\"[]\">\n\t\t\t\t\t\t<div class=\"elementor-inner\">\n\t\t\t\t\t\t\t<div class=\"elementor-section-wrap\">\n\t\t\t\t\t\t\t<section class=\"elementor-section elementor-top-section elementor-element elementor-element-83f4306 elementor-section-boxed elementor-section-height-default elementor-section-height-default\" data-id=\"83f4306\" data-element_type=\"section\" data-settings=\"{&quot;background_background&quot;:&quot;classic&quot;}\">\n\t\t\t\t\t\t\t<div class=\"elementor-background-overlay\"><\/div>\n\t\t\t\t\t\t\t<div class=\"elementor-container elementor-column-gap-default\">\n\t\t\t\t\t\t\t<div class=\"elementor-row\">\n\t\t\t\t\t<div class=\"elementor-column elementor-col-100 elementor-top-column elementor-element elementor-element-52ac3ef2\" data-id=\"52ac3ef2\" data-element_type=\"column\">\n\t\t\t<div class=\"elementor-column-wrap elementor-element-populated\">\n\t\t\t\t\t\t\t<div class=\"elementor-widget-wrap\">\n\t\t\t\t\t\t<div class=\"elementor-element elementor-element-29a5693d elementor-widget elementor-widget-heading\" data-id=\"29a5693d\" data-element_type=\"widget\" data-widget_type=\"heading.default\">\n\t\t\t\t<div class=\"elementor-widget-container\">\n\t\t\t<h1 class=\"elementor-heading-title elementor-size-default\">Need<\/h1>\t\t<\/div>\n\t\t\t\t<\/div>\n\t\t\t\t\t\t<\/div>\n\t\t\t\t\t<\/div>\n\t\t<\/div>\n\t\t\t\t\t\t\t\t<\/div>\n\t\t\t\t\t<\/div>\n\t\t<\/section>\n\t\t\t\t<section class=\"elementor-section elementor-top-section elementor-element elementor-element-3f8e7ecd elementor-section-boxed elementor-section-height-default elementor-section-height-default\" data-id=\"3f8e7ecd\" data-element_type=\"section\">\n\t\t\t\t\t\t<div class=\"elementor-container elementor-column-gap-default\">\n\t\t\t\t\t\t\t<div class=\"elementor-row\">\n\t\t\t\t\t<div class=\"elementor-column elementor-col-50 elementor-top-column elementor-element elementor-element-59b9b02\" data-id=\"59b9b02\" data-element_type=\"column\">\n\t\t\t<div class=\"elementor-column-wrap elementor-element-populated\">\n\t\t\t\t\t\t\t<div class=\"elementor-widget-wrap\">\n\t\t\t\t\t\t<div class=\"elementor-element elementor-element-079220c elementor-widget elementor-widget-image\" data-id=\"079220c\" data-element_type=\"widget\" data-widget_type=\"image.default\">\n\t\t\t\t<div class=\"elementor-widget-container\">\n\t\t\t\t\t<div class=\"elementor-image\">\n\t\t\t\t\t\t\t\t\t\t<img width=\"768\" height=\"1024\" src=\"https:\/\/klubik.mynatomame.cz\/app\/uploads\/2021\/03\/One-on-one-with-rousky-768x1024.jpg\" class=\"attachment-large size-large\" alt=\"\" loading=\"lazy\" srcset=\"https:\/\/klubik.mynatomame.cz\/app\/uploads\/2021\/03\/One-on-one-with-rousky-768x1024.jpg 768w, https:\/\/klubik.mynatomame.cz\/app\/uploads\/2021\/03\/One-on-one-with-rousky-450x600.jpg 450w, https:\/\/klubik.mynatomame.cz\/app\/uploads\/2021\/03\/One-on-one-with-rousky-1152x1536.jpg 1152w, https:\/\/klubik.mynatomame.cz\/app\/uploads\/2021\/03\/One-on-one-with-rousky-1536x2048.jpg 1536w, https:\/\/klubik.mynatomame.cz\/app\/uploads\/2021\/03\/One-on-one-with-rousky-9x12.jpg 9w, https:\/\/klubik.mynatomame.cz\/app\/uploads\/2021\/03\/One-on-one-with-rousky-scaled.jpg 1920w\" sizes=\"(max-width: 768px) 100vw, 768px\" \/>\t\t\t\t\t\t\t\t\t\t\t<\/div>\n\t\t\t\t<\/div>\n\t\t\t\t<\/div>\n\t\t\t\t\t\t<\/div>\n\t\t\t\t\t<\/div>\n\t\t<\/div>\n\t\t\t\t<div class=\"elementor-column elementor-col-50 elementor-top-column elementor-element elementor-element-2f3b0421\" data-id=\"2f3b0421\" data-element_type=\"column\">\n\t\t\t<div class=\"elementor-column-wrap elementor-element-populated\">\n\t\t\t\t\t\t\t<div class=\"elementor-widget-wrap\">\n\t\t\t\t\t\t<div class=\"elementor-element elementor-element-6527c1b0 elementor-widget elementor-widget-text-editor\" data-id=\"6527c1b0\" data-element_type=\"widget\" data-widget_type=\"text-editor.default\">\n\t\t\t\t<div class=\"elementor-widget-container\">\n\t\t\t\t\t<div class=\"elementor-text-editor elementor-clearfix\"><p><span style=\"font-weight: 400;\">Due to the situation with the corona virus, many of our children have been told they need to repeat their grade because they did not have internet for online learning, or the support from their parents or others to help them study at home.<\/span><\/p><p><span style=\"font-weight: 400;\">\u00a0We aim to keep the club activities running when the pandemic restrictions allow, and to resume full activity when the restrictions are lifted. In the interim we will continue to prepare learning materials to drop off at the building, as well as online activities with all of the children who are able to work with us online.<\/span><\/p><p><span style=\"font-weight: 400;\">We plan  to continue to help the children with their school work, create individual learning plans, and to the best of our ability coordinate this with their teachers.<\/span><\/p><p><span style=\"font-weight: 400;\">In general we are looking for funding to make sure that we can resume full activities as soon as Covid restrictions relieve and allow. The kids will all the more need the academic help, and even more so, positive feedback, encouragement and support they desperately need after being cooped up in small quarters with little exercise, ability to be themselves, explore, play these many long months.<\/span><\/p><p>\u00a0<\/p><p><b>During Covid restrictions:<\/b><\/p><p><span style=\"font-weight: 400;\">We will continue to create and provide learning materials to drop off at the building for the children. We will support the mentors in working with the the children online so that they can continue their important work of tutoring and motivating the children through this difficult time.<\/span><\/p><\/div>\n\t\t\t\t<\/div>\n\t\t\t\t<\/div>\n\t\t\t\t\t\t<\/div>\n\t\t\t\t\t<\/div>\n\t\t<\/div>\n\t\t\t\t\t\t\t\t<\/div>\n\t\t\t\t\t<\/div>\n\t\t<\/section>\n\t\t\t\t<section class=\"elementor-section elementor-top-section elementor-element elementor-element-8e45302 elementor-section-boxed elementor-section-height-default elementor-section-height-default\" data-id=\"8e45302\" data-element_type=\"section\">\n\t\t\t\t\t\t<div class=\"elementor-container elementor-column-gap-default\">\n\t\t\t\t\t\t\t<div class=\"elementor-row\">\n\t\t\t\t\t<div class=\"elementor-column elementor-col-100 elementor-top-column elementor-element elementor-element-f0f9420\" data-id=\"f0f9420\" data-element_type=\"column\">\n\t\t\t<div class=\"elementor-column-wrap elementor-element-populated\">\n\t\t\t\t\t\t\t<div class=\"elementor-widget-wrap\">\n\t\t\t\t\t\t<div class=\"elementor-element elementor-element-94030dd elementor-widget elementor-widget-image-gallery\" data-id=\"94030dd\" data-element_type=\"widget\" data-widget_type=\"image-gallery.default\">\n\t\t\t\t<div class=\"elementor-widget-container\">\n\t\t\t\t\t<div class=\"elementor-image-gallery\">\n\t\t\t<div id='gallery-1' class='gallery galleryid-370 gallery-columns-3 gallery-size-thumbnail'><figure class='gallery-item'>\n\t\t\t<div class='gallery-icon portrait'>\n\t\t\t\t<a data-elementor-open-lightbox=\"yes\" data-elementor-lightbox-slideshow=\"94030dd\" data-elementor-lightbox-title=\"puzzles- we have to stick with it til wer_re done!\" href='https:\/\/klubik.mynatomame.cz\/en\/app\/uploads\/2021\/03\/puzzles-we-have-to-stick-with-it-til-wer_re-done-scaled.jpg\/'><img width=\"600\" height=\"600\" src=\"https:\/\/klubik.mynatomame.cz\/app\/uploads\/2021\/03\/puzzles-we-have-to-stick-with-it-til-wer_re-done-600x600.jpg\" class=\"attachment-thumbnail size-thumbnail\" alt=\"\" loading=\"lazy\" srcset=\"https:\/\/klubik.mynatomame.cz\/app\/uploads\/2021\/03\/puzzles-we-have-to-stick-with-it-til-wer_re-done-600x600.jpg 600w, https:\/\/klubik.mynatomame.cz\/app\/uploads\/2021\/03\/puzzles-we-have-to-stick-with-it-til-wer_re-done-150x150.jpg 150w\" sizes=\"(max-width: 600px) 100vw, 600px\" \/><\/a>\n\t\t\t<\/div><\/figure><figure class='gallery-item'>\n\t\t\t<div class='gallery-icon portrait'>\n\t\t\t\t<a data-elementor-open-lightbox=\"yes\" data-elementor-lightbox-slideshow=\"94030dd\" data-elementor-lightbox-title=\"A treat!\" href='https:\/\/klubik.mynatomame.cz\/en\/app\/uploads\/2021\/03\/A-treat-scaled.jpg\/'><img width=\"600\" height=\"600\" src=\"https:\/\/klubik.mynatomame.cz\/app\/uploads\/2021\/03\/A-treat-600x600.jpg\" class=\"attachment-thumbnail size-thumbnail\" alt=\"\" loading=\"lazy\" srcset=\"https:\/\/klubik.mynatomame.cz\/app\/uploads\/2021\/03\/A-treat-600x600.jpg 600w, https:\/\/klubik.mynatomame.cz\/app\/uploads\/2021\/03\/A-treat-150x150.jpg 150w\" sizes=\"(max-width: 600px) 100vw, 600px\" \/><\/a>\n\t\t\t<\/div><\/figure><figure class='gallery-item'>\n\t\t\t<div class='gallery-icon landscape'>\n\t\t\t\t<a data-elementor-open-lightbox=\"yes\" data-elementor-lightbox-slideshow=\"94030dd\" data-elementor-lightbox-title=\"81204427_10218398712856309_1623510110473027584_n\" href='https:\/\/klubik.mynatomame.cz\/en\/app\/uploads\/2021\/03\/81204427_10218398712856309_1623510110473027584_n.jpg\/'><img width=\"600\" height=\"600\" src=\"https:\/\/klubik.mynatomame.cz\/app\/uploads\/2021\/03\/81204427_10218398712856309_1623510110473027584_n-600x600.jpg\" class=\"attachment-thumbnail size-thumbnail\" alt=\"\" loading=\"lazy\" srcset=\"https:\/\/klubik.mynatomame.cz\/app\/uploads\/2021\/03\/81204427_10218398712856309_1623510110473027584_n-600x600.jpg 600w, https:\/\/klubik.mynatomame.cz\/app\/uploads\/2021\/03\/81204427_10218398712856309_1623510110473027584_n-150x150.jpg 150w\" sizes=\"(max-width: 600px) 100vw, 600px\" \/><\/a>\n\t\t\t<\/div><\/figure><figure class='gallery-item'>\n\t\t\t<div class='gallery-icon portrait'>\n\t\t\t\t<a data-elementor-open-lightbox=\"yes\" data-elementor-lightbox-slideshow=\"94030dd\" data-elementor-lightbox-title=\"81038050_10218398717976437_2299435807066292224_n\" href='https:\/\/klubik.mynatomame.cz\/en\/app\/uploads\/2021\/03\/81038050_10218398717976437_2299435807066292224_n.jpg\/'><img width=\"600\" height=\"600\" src=\"https:\/\/klubik.mynatomame.cz\/app\/uploads\/2021\/03\/81038050_10218398717976437_2299435807066292224_n-600x600.jpg\" class=\"attachment-thumbnail size-thumbnail\" alt=\"\" loading=\"lazy\" srcset=\"https:\/\/klubik.mynatomame.cz\/app\/uploads\/2021\/03\/81038050_10218398717976437_2299435807066292224_n-600x600.jpg 600w, https:\/\/klubik.mynatomame.cz\/app\/uploads\/2021\/03\/81038050_10218398717976437_2299435807066292224_n-150x150.jpg 150w\" sizes=\"(max-width: 600px) 100vw, 600px\" \/><\/a>\n\t\t\t<\/div><\/figure><figure class='gallery-item'>\n\t\t\t<div class='gallery-icon landscape'>\n\t\t\t\t<a data-elementor-open-lightbox=\"yes\" data-elementor-lightbox-slideshow=\"94030dd\" data-elementor-lightbox-title=\"80846497_10218398722696555_2927490420948598784_n\" href='https:\/\/klubik.mynatomame.cz\/en\/app\/uploads\/2021\/03\/80846497_10218398722696555_2927490420948598784_n.jpg\/'><img width=\"600\" height=\"600\" src=\"https:\/\/klubik.mynatomame.cz\/app\/uploads\/2021\/03\/80846497_10218398722696555_2927490420948598784_n-600x600.jpg\" class=\"attachment-thumbnail size-thumbnail\" alt=\"\" loading=\"lazy\" srcset=\"https:\/\/klubik.mynatomame.cz\/app\/uploads\/2021\/03\/80846497_10218398722696555_2927490420948598784_n-600x600.jpg 600w, https:\/\/klubik.mynatomame.cz\/app\/uploads\/2021\/03\/80846497_10218398722696555_2927490420948598784_n-150x150.jpg 150w\" sizes=\"(max-width: 600px) 100vw, 600px\" \/><\/a>\n\t\t\t<\/div><\/figure><figure class='gallery-item'>\n\t\t\t<div class='gallery-icon landscape'>\n\t\t\t\t<a data-elementor-open-lightbox=\"yes\" data-elementor-lightbox-slideshow=\"94030dd\" data-elementor-lightbox-title=\"71735656_10217606202564047_2328210116559503360_n\" href='https:\/\/klubik.mynatomame.cz\/en\/app\/uploads\/2021\/03\/71735656_10217606202564047_2328210116559503360_n.jpg\/'><img width=\"600\" height=\"600\" src=\"https:\/\/klubik.mynatomame.cz\/app\/uploads\/2021\/03\/71735656_10217606202564047_2328210116559503360_n-600x600.jpg\" class=\"attachment-thumbnail size-thumbnail\" alt=\"\" loading=\"lazy\" srcset=\"https:\/\/klubik.mynatomame.cz\/app\/uploads\/2021\/03\/71735656_10217606202564047_2328210116559503360_n-600x600.jpg 600w, https:\/\/klubik.mynatomame.cz\/app\/uploads\/2021\/03\/71735656_10217606202564047_2328210116559503360_n-150x150.jpg 150w\" sizes=\"(max-width: 600px) 100vw, 600px\" \/><\/a>\n\t\t\t<\/div><\/figure>\n\t\t<\/div>\n\t\t<\/div>\n\t\t\t\t<\/div>\n\t\t\t\t<\/div>\n\t\t\t\t\t\t<\/div>\n\t\t\t\t\t<\/div>\n\t\t<\/div>\n\t\t\t\t\t\t\t\t<\/div>\n\t\t\t\t\t<\/div>\n\t\t<\/section>\n\t\t\t\t\t\t<\/div>\n\t\t\t\t\t\t<\/div>\n\t\t\t\t\t<\/div>","protected":false},"excerpt":{"rendered":"<p>Pot\u0159eba Kv\u016fli aktu\u00e1ln\u00ed situaci s COVID-19, muselo mnoho z na\u0161ich d\u011bt\u00ed opakovat ro\u010dn\u00edk, jeliko\u017e nemaj\u00ed internet, nebo jin\u00e9 zdroje a hlavn\u011b podporu rodi\u010d\u016f natolik silnou, aby mohli studovat z domova. \u00a0V p\u0159\u00edpad\u011b, \u017ee by aktivita klubu skon\u010dila, d\u011bti by p\u0159i\u0161ly o tu jedinou v\u011bc, na kterou se ve dni t\u011b\u0161\u00ed. V\u011bt\u0161ina z nich doslova odpo\u010d\u00edt\u00e1v\u00e1 &hellip;<\/p>\n<p class=\"read-more\"> <a class=\"\" href=\"https:\/\/klubik.mynatomame.cz\/en\/o-nas\/potreba\/\"> <span class=\"screen-reader-text\">Need<\/span> Read More &raquo;<\/a><\/p>","protected":false},"author":1,"featured_media":0,"parent":31,"menu_order":0,"comment_status":"closed","ping_status":"closed","template":"","meta":[],"_links":{"self":[{"href":"https:\/\/klubik.mynatomame.cz\/en\/wp-json\/wp\/v2\/pages\/370"}],"collection":[{"href":"https:\/\/klubik.mynatomame.cz\/en\/wp-json\/wp\/v2\/pages"}],"about":[{"href":"https:\/\/klubik.mynatomame.cz\/en\/wp-json\/wp\/v2\/types\/page"}],"author":[{"embeddable":true,"href":"https:\/\/klubik.mynatomame.cz\/en\/wp-json\/wp\/v2\/users\/1"}],"replies":[{"embeddable":true,"href":"https:\/\/klubik.mynatomame.cz\/en\/wp-json\/wp\/v2\/comments?post=370"}],"version-history":[{"count":61,"href":"https:\/\/klubik.mynatomame.cz\/en\/wp-json\/wp\/v2\/pages\/370\/revisions"}],"predecessor-version":[{"id":1047,"href":"https:\/\/klubik.mynatomame.cz\/en\/wp-json\/wp\/v2\/pages\/370\/revisions\/1047"}],"up":[{"embeddable":true,"href":"https:\/\/klubik.mynatomame.cz\/en\/wp-json\/wp\/v2\/pages\/31"}],"wp:attachment":[{"href":"https:\/\/klubik.mynatomame.cz\/en\/wp-json\/wp\/v2\/media?parent=370"}],"curies":[{"name":"wp","href":"https:\/\/api.w.org\/{rel}","templated":true}]}}